{"id":11002,"date":"2025-06-09T10:05:44","date_gmt":"2025-06-09T10:05:44","guid":{"rendered":"https:\/\/1000migliawarmupaustria.at\/porsche-challenge-2025\/"},"modified":"2025-06-16T12:12:32","modified_gmt":"2025-06-16T12:12:32","slug":"porsche-challenge-2025","status":"publish","type":"page","link":"https:\/\/1000migliawarmupaustria.at\/de\/porsche-challenge-2025\/","title":{"rendered":"PORSCHE CHALLENGE 2025"},"content":{"rendered":"\t\t<div data-elementor-type=\"wp-post\" data-elementor-id=\"11002\" class=\"elementor elementor-11002 elementor-10668\" data-elementor-post-type=\"page\">\n\t\t\t\t\t\t<section class=\"elementor-section elementor-top-section elementor-element elementor-element-6f86138 elementor-section-height-min-height elementor-reverse-mobile selector elementor-section-boxed elementor-section-height-default elementor-section-items-middle\" data-id=\"6f86138\" data-element_type=\"section\" data-e-type=\"section\" data-settings=\"{&quot;background_background&quot;:&quot;classic&quot;,&quot;animation&quot;:&quot;none&quot;}\">\n\t\t\t\t\t\t\t<div class=\"elementor-background-overlay\"><\/div>\n\t\t\t\t\t\t\t<div class=\"elementor-container elementor-column-gap-default\">\n\t\t\t\t\t<div class=\"elementor-column elementor-col-100 elementor-top-column elementor-element elementor-element-4cdfa24\" data-id=\"4cdfa24\" data-element_type=\"column\" data-e-type=\"column\">\n\t\t\t<div class=\"elementor-widget-wrap elementor-element-populated\">\n\t\t\t\t\t<div class=\"elementor-background-overlay\"><\/div>\n\t\t\t\t\t\t<div class=\"elementor-element elementor-element-6b41fd0 elementor-widget elementor-widget-image\" data-id=\"6b41fd0\" data-element_type=\"widget\" data-e-type=\"widget\" data-widget_type=\"image.default\">\n\t\t\t\t<div class=\"elementor-widget-container\">\n\t\t\t\t\t\t\t\t\t\t\t\t\t\t\t<img fetchpriority=\"high\" decoding=\"async\" width=\"1024\" height=\"388\" src=\"https:\/\/1000migliawarmupaustria.at\/wp-content\/uploads\/2025\/06\/porsche-callange-title.png\" class=\"attachment-full size-full wp-image-10683\" alt=\"\" srcset=\"https:\/\/1000migliawarmupaustria.at\/wp-content\/uploads\/2025\/06\/porsche-callange-title.png 1024w, https:\/\/1000migliawarmupaustria.at\/wp-content\/uploads\/2025\/06\/porsche-callange-title-300x114.png 300w, https:\/\/1000migliawarmupaustria.at\/wp-content\/uploads\/2025\/06\/porsche-callange-title-768x291.png 768w, https:\/\/1000migliawarmupaustria.at\/wp-content\/uploads\/2025\/06\/porsche-callange-title-172x65.png 172w, https:\/\/1000migliawarmupaustria.at\/wp-content\/uploads\/2025\/06\/porsche-callange-title-211x80.png 211w, https:\/\/1000migliawarmupaustria.at\/wp-content\/uploads\/2025\/06\/porsche-callange-title-394x149.png 394w, https:\/\/1000migliawarmupaustria.at\/wp-content\/uploads\/2025\/06\/porsche-callange-title-915x347.png 915w\" sizes=\"(max-width: 1024px) 100vw, 1024px\" \/>\t\t\t\t\t\t\t\t\t\t\t\t\t\t\t<\/div>\n\t\t\t\t<\/div>\n\t\t\t\t\t<\/div>\n\t\t<\/div>\n\t\t\t\t\t<\/div>\n\t\t<\/section>\n\t\t\t\t<section class=\"elementor-section elementor-top-section elementor-element elementor-element-4db1c1e elementor-section-boxed elementor-section-height-default elementor-section-height-default\" data-id=\"4db1c1e\" data-element_type=\"section\" data-e-type=\"section\" data-settings=\"{&quot;background_background&quot;:&quot;classic&quot;}\">\n\t\t\t\t\t\t<div class=\"elementor-container elementor-column-gap-default\">\n\t\t\t\t\t<div class=\"elementor-column elementor-col-100 elementor-top-column elementor-element elementor-element-aac3a0f\" data-id=\"aac3a0f\" data-element_type=\"column\" data-e-type=\"column\">\n\t\t\t<div class=\"elementor-widget-wrap elementor-element-populated\">\n\t\t\t\t\t\t<div class=\"elementor-element elementor-element-cf3f45b elementor-widget elementor-widget-heading\" data-id=\"cf3f45b\" data-element_type=\"widget\" data-e-type=\"widget\" data-widget_type=\"heading.default\">\n\t\t\t\t<div class=\"elementor-widget-container\">\n\t\t\t\t\t<h2 class=\"elementor-heading-title elementor-size-default\">LEGENDEN AUF DREI TAGE VERTEILT<br>DIE PORSCHE CHALLENGE AUSTRIA 2025<\/h2>\t\t\t\t<\/div>\n\t\t\t\t<\/div>\n\t\t\t\t<div class=\"elementor-element elementor-element-7dddfd9 elementor-widget elementor-widget-heading\" data-id=\"7dddfd9\" data-element_type=\"widget\" data-e-type=\"widget\" data-widget_type=\"heading.default\">\n\t\t\t\t<div class=\"elementor-widget-container\">\n\t\t\t\t\t<h5 class=\"elementor-heading-title elementor-size-default\">11. \u2013 14. September 2025\n<\/h5>\t\t\t\t<\/div>\n\t\t\t\t<\/div>\n\t\t\t\t<div class=\"elementor-element elementor-element-285355a elementor-widget elementor-widget-text-editor\" data-id=\"285355a\" data-element_type=\"widget\" data-e-type=\"widget\" data-widget_type=\"text-editor.default\">\n\t\t\t\t<div class=\"elementor-widget-container\">\n\t\t\t\t\t\t\t\t\t<p>Wenn der zeitlose Stil der 1000 Miglia auf die Faszination von Porsche trifft, entsteht ein Event, das Herz und Seele ber\u00fchrt: Die zweite Ausgabe der Porsche Challenge Austria ist weit mehr als ein Warm-up \u2013 sie ist eine Hommage an die Leidenschaft f\u00fcr Pr\u00e4zision, Performance und Eleganz.<\/p>\t\t\t\t\t\t\t\t<\/div>\n\t\t\t\t<\/div>\n\t\t\t\t<div class=\"elementor-element elementor-element-5cae830 elementor-widget elementor-widget-image\" data-id=\"5cae830\" data-element_type=\"widget\" data-e-type=\"widget\" data-widget_type=\"image.default\">\n\t\t\t\t<div class=\"elementor-widget-container\">\n\t\t\t\t\t\t\t\t\t\t\t\t\t\t\t<img decoding=\"async\" width=\"2560\" height=\"1707\" src=\"https:\/\/1000migliawarmupaustria.at\/wp-content\/uploads\/2025\/06\/porsche-challenge-2025-12-scaled.jpg\" class=\"attachment-full size-full wp-image-10723\" alt=\"\" srcset=\"https:\/\/1000migliawarmupaustria.at\/wp-content\/uploads\/2025\/06\/porsche-challenge-2025-12-scaled.jpg 2560w, https:\/\/1000migliawarmupaustria.at\/wp-content\/uploads\/2025\/06\/porsche-challenge-2025-12-300x200.jpg 300w, https:\/\/1000migliawarmupaustria.at\/wp-content\/uploads\/2025\/06\/porsche-challenge-2025-12-1024x683.jpg 1024w, https:\/\/1000migliawarmupaustria.at\/wp-content\/uploads\/2025\/06\/porsche-challenge-2025-12-768x512.jpg 768w, https:\/\/1000migliawarmupaustria.at\/wp-content\/uploads\/2025\/06\/porsche-challenge-2025-12-1536x1024.jpg 1536w, https:\/\/1000migliawarmupaustria.at\/wp-content\/uploads\/2025\/06\/porsche-challenge-2025-12-2048x1365.jpg 2048w, https:\/\/1000migliawarmupaustria.at\/wp-content\/uploads\/2025\/06\/porsche-challenge-2025-12-98x65.jpg 98w, https:\/\/1000migliawarmupaustria.at\/wp-content\/uploads\/2025\/06\/porsche-challenge-2025-12-120x80.jpg 120w, https:\/\/1000migliawarmupaustria.at\/wp-content\/uploads\/2025\/06\/porsche-challenge-2025-12-394x263.jpg 394w, https:\/\/1000migliawarmupaustria.at\/wp-content\/uploads\/2025\/06\/porsche-challenge-2025-12-915x610.jpg 915w, https:\/\/1000migliawarmupaustria.at\/wp-content\/uploads\/2025\/06\/porsche-challenge-2025-12-1240x827.jpg 1240w, https:\/\/1000migliawarmupaustria.at\/wp-content\/uploads\/2025\/06\/porsche-challenge-2025-12-1620x1080.jpg 1620w\" sizes=\"(max-width: 2560px) 100vw, 2560px\" \/>\t\t\t\t\t\t\t\t\t\t\t\t\t\t\t<\/div>\n\t\t\t\t<\/div>\n\t\t\t\t<div class=\"elementor-element elementor-element-92c5867 elementor-widget elementor-widget-heading\" data-id=\"92c5867\" data-element_type=\"widget\" data-e-type=\"widget\" data-widget_type=\"heading.default\">\n\t\t\t\t<div class=\"elementor-widget-container\">\n\t\t\t\t\t<h2 class=\"elementor-heading-title elementor-size-default\">PORSCHE CHALLENGE<br>1000 MIGLIA WARM UP AUSTRIA<\/h2>\t\t\t\t<\/div>\n\t\t\t\t<\/div>\n\t\t\t\t<div class=\"elementor-element elementor-element-4f5ef1c elementor-widget elementor-widget-text-editor\" data-id=\"4f5ef1c\" data-element_type=\"widget\" data-e-type=\"widget\" data-widget_type=\"text-editor.default\">\n\t\t\t\t<div class=\"elementor-widget-container\">\n\t\t\t\t\t\t\t\t\t<p>Im Zeichen des \u201esch\u00f6nsten Rennens der Welt\u201c \u00f6ffnet sich ein exklusives Kapitel motorsportlicher Emotionen. Eine streng limitierte Zahl von Teilnehmern erh\u00e4lt die Chance, im Rahmen der 1000 Miglia Warm Up Austria nicht nur Timing-Techniken f\u00fcr Gleichm\u00e4\u00dfigkeitsrennen zu erlernen oder zu perfektionieren, sondern auch tief in die Welt der Navigation und historischen Rennleidenschaft einzutauchen.<br>Nach dem begeisternden Erfolg der Erstauflage 2024 setzen Porsche und 1000 Miglia Warm Up Austria ihre Zusammenarbeit fort \u2013 mit einer Veranstaltung, die Automobilkultur, Sportgeist und landschaftliche Magie auf unvergleichliche Weise verbindet. <\/p>\t\t\t\t\t\t\t\t<\/div>\n\t\t\t\t<\/div>\n\t\t\t\t<div class=\"elementor-element elementor-element-8905066 elementor-widget elementor-widget-image\" data-id=\"8905066\" data-element_type=\"widget\" data-e-type=\"widget\" data-widget_type=\"image.default\">\n\t\t\t\t<div class=\"elementor-widget-container\">\n\t\t\t\t\t\t\t\t\t\t\t\t\t\t\t<img decoding=\"async\" width=\"2560\" height=\"1707\" src=\"https:\/\/1000migliawarmupaustria.at\/wp-content\/uploads\/2025\/06\/porsche-challenge-2025-8-scaled.jpg\" class=\"attachment-full size-full wp-image-10711\" alt=\"\" srcset=\"https:\/\/1000migliawarmupaustria.at\/wp-content\/uploads\/2025\/06\/porsche-challenge-2025-8-scaled.jpg 2560w, https:\/\/1000migliawarmupaustria.at\/wp-content\/uploads\/2025\/06\/porsche-challenge-2025-8-300x200.jpg 300w, https:\/\/1000migliawarmupaustria.at\/wp-content\/uploads\/2025\/06\/porsche-challenge-2025-8-1024x683.jpg 1024w, https:\/\/1000migliawarmupaustria.at\/wp-content\/uploads\/2025\/06\/porsche-challenge-2025-8-768x512.jpg 768w, https:\/\/1000migliawarmupaustria.at\/wp-content\/uploads\/2025\/06\/porsche-challenge-2025-8-1536x1024.jpg 1536w, https:\/\/1000migliawarmupaustria.at\/wp-content\/uploads\/2025\/06\/porsche-challenge-2025-8-2048x1365.jpg 2048w, https:\/\/1000migliawarmupaustria.at\/wp-content\/uploads\/2025\/06\/porsche-challenge-2025-8-98x65.jpg 98w, https:\/\/1000migliawarmupaustria.at\/wp-content\/uploads\/2025\/06\/porsche-challenge-2025-8-120x80.jpg 120w, https:\/\/1000migliawarmupaustria.at\/wp-content\/uploads\/2025\/06\/porsche-challenge-2025-8-394x263.jpg 394w, https:\/\/1000migliawarmupaustria.at\/wp-content\/uploads\/2025\/06\/porsche-challenge-2025-8-915x610.jpg 915w, https:\/\/1000migliawarmupaustria.at\/wp-content\/uploads\/2025\/06\/porsche-challenge-2025-8-1240x827.jpg 1240w, https:\/\/1000migliawarmupaustria.at\/wp-content\/uploads\/2025\/06\/porsche-challenge-2025-8-1620x1080.jpg 1620w\" sizes=\"(max-width: 2560px) 100vw, 2560px\" \/>\t\t\t\t\t\t\t\t\t\t\t\t\t\t\t<\/div>\n\t\t\t\t<\/div>\n\t\t\t\t<div class=\"elementor-element elementor-element-c1840d0 elementor-widget elementor-widget-heading\" data-id=\"c1840d0\" data-element_type=\"widget\" data-e-type=\"widget\" data-widget_type=\"heading.default\">\n\t\t\t\t<div class=\"elementor-widget-container\">\n\t\t\t\t\t<h2 class=\"elementor-heading-title elementor-size-default\">EINE REISE F\u00dcR DIE SINNE \u2013 UND F\u00dcR DIE SEELE\n<\/h2>\t\t\t\t<\/div>\n\t\t\t\t<\/div>\n\t\t\t\t<div class=\"elementor-element elementor-element-d2fbf48 elementor-widget elementor-widget-text-editor\" data-id=\"d2fbf48\" data-element_type=\"widget\" data-e-type=\"widget\" data-widget_type=\"text-editor.default\">\n\t\t\t\t<div class=\"elementor-widget-container\">\n\t\t\t\t\t\t\t\t\tNur ausgew\u00e4hlte Porsche-Modelle \u2013 gebaut zwischen 1977 und heute \u2013 d\u00fcrfen sich der ikonischen Parade historischer Fahrzeuge anschlie\u00dfen. Gemeinsam durchqueren sie auf kurvenreichen Panoramastra\u00dfen das Herz \u00d6sterreichs \u2013 von den dramatischen Alpenp\u00e4ssen bis zu den sanften Salzburger Seenlandschaften.\nDie Porsche Challenge Austria mit 1000 Miglia Warm Up Austria ist mehr als ein Rennen: Sie ist ein rollendes Kunstwerk, eine bewegte Galerie, ein wanderndes Museum. Sie ist Ausdruck von Tradition, Pr\u00e4zision und Stil \u2013 in der einzigartigen Atmosph\u00e4re der 1000 Miglia  \n\t\t\t\t\t\t\t\t<\/div>\n\t\t\t\t<\/div>\n\t\t\t\t<div class=\"elementor-element elementor-element-b6d41aa elementor-widget elementor-widget-image\" data-id=\"b6d41aa\" data-element_type=\"widget\" data-e-type=\"widget\" data-widget_type=\"image.default\">\n\t\t\t\t<div class=\"elementor-widget-container\">\n\t\t\t\t\t\t\t\t\t\t\t\t\t\t\t<img loading=\"lazy\" decoding=\"async\" width=\"2560\" height=\"1707\" src=\"https:\/\/1000migliawarmupaustria.at\/wp-content\/uploads\/2025\/06\/porsche-challenge-2025-2-scaled.jpg\" class=\"attachment-full size-full wp-image-10693\" alt=\"\" srcset=\"https:\/\/1000migliawarmupaustria.at\/wp-content\/uploads\/2025\/06\/porsche-challenge-2025-2-scaled.jpg 2560w, https:\/\/1000migliawarmupaustria.at\/wp-content\/uploads\/2025\/06\/porsche-challenge-2025-2-300x200.jpg 300w, https:\/\/1000migliawarmupaustria.at\/wp-content\/uploads\/2025\/06\/porsche-challenge-2025-2-1024x683.jpg 1024w, https:\/\/1000migliawarmupaustria.at\/wp-content\/uploads\/2025\/06\/porsche-challenge-2025-2-768x512.jpg 768w, https:\/\/1000migliawarmupaustria.at\/wp-content\/uploads\/2025\/06\/porsche-challenge-2025-2-1536x1024.jpg 1536w, https:\/\/1000migliawarmupaustria.at\/wp-content\/uploads\/2025\/06\/porsche-challenge-2025-2-2048x1365.jpg 2048w, https:\/\/1000migliawarmupaustria.at\/wp-content\/uploads\/2025\/06\/porsche-challenge-2025-2-98x65.jpg 98w, https:\/\/1000migliawarmupaustria.at\/wp-content\/uploads\/2025\/06\/porsche-challenge-2025-2-120x80.jpg 120w, https:\/\/1000migliawarmupaustria.at\/wp-content\/uploads\/2025\/06\/porsche-challenge-2025-2-394x263.jpg 394w, https:\/\/1000migliawarmupaustria.at\/wp-content\/uploads\/2025\/06\/porsche-challenge-2025-2-915x610.jpg 915w, https:\/\/1000migliawarmupaustria.at\/wp-content\/uploads\/2025\/06\/porsche-challenge-2025-2-1240x827.jpg 1240w, https:\/\/1000migliawarmupaustria.at\/wp-content\/uploads\/2025\/06\/porsche-challenge-2025-2-1620x1080.jpg 1620w\" sizes=\"(max-width: 2560px) 100vw, 2560px\" \/>\t\t\t\t\t\t\t\t\t\t\t\t\t\t\t<\/div>\n\t\t\t\t<\/div>\n\t\t\t\t<div class=\"elementor-element elementor-element-0a5f278 elementor-widget elementor-widget-heading\" data-id=\"0a5f278\" data-element_type=\"widget\" data-e-type=\"widget\" data-widget_type=\"heading.default\">\n\t\t\t\t<div class=\"elementor-widget-container\">\n\t\t\t\t\t<h2 class=\"elementor-heading-title elementor-size-default\">EXKLUSIVIT\u00c4T TRIFFT EMOTION<\/h2>\t\t\t\t<\/div>\n\t\t\t\t<\/div>\n\t\t\t\t<div class=\"elementor-element elementor-element-0c3549c elementor-widget elementor-widget-text-editor\" data-id=\"0c3549c\" data-element_type=\"widget\" data-e-type=\"widget\" data-widget_type=\"text-editor.default\">\n\t\t\t\t<div class=\"elementor-widget-container\">\n\t\t\t\t\t\t\t\t\tDiese Veranstaltung ist ein Erlebnis f\u00fcr Genie\u00dfer \u2013 und f\u00fcr Entdecker. Sie verbindet luxuri\u00f6se Gastfreundschaft mit landschaftlicher Erhabenheit, historische Kulisse mit technischer Exzellenz. Zwischenstopps an sorgf\u00e4ltig ausgew\u00e4hlten Orten laden zum Innehalten ein, jeder einzelne Kilometer wird zur Erinnerung.  \t\t\t\t\t\t\t\t<\/div>\n\t\t\t\t<\/div>\n\t\t\t\t\t<\/div>\n\t\t<\/div>\n\t\t\t\t\t<\/div>\n\t\t<\/section>\n\t\t\t\t<\/div>\n\t\t","protected":false},"excerpt":{"rendered":"<p>LEGENDEN AUF DREI TAGE VERTEILTDIE PORSCHE CHALLENGE AUSTRIA 2025 11. \u2013 14. September 2025 Wenn der zeitlose Stil der 1000 Miglia auf die Faszination von Porsche trifft, entsteht ein Event, das Herz und Seele ber\u00fchrt: Die zweite Ausgabe der Porsche &hellip; <a href=\"https:\/\/1000migliawarmupaustria.at\/de\/porsche-challenge-2025\/\">Read More<\/a><\/p>\n","protected":false},"author":1,"featured_media":0,"parent":0,"menu_order":17,"comment_status":"closed","ping_status":"closed","template":"elementor_theme","meta":{"footnotes":""},"class_list":["post-11002","page","type-page","status-publish","hentry"],"_links":{"self":[{"href":"https:\/\/1000migliawarmupaustria.at\/de\/wp-json\/wp\/v2\/pages\/11002","targetHints":{"allow":["GET"]}}],"collection":[{"href":"https:\/\/1000migliawarmupaustria.at\/de\/wp-json\/wp\/v2\/pages"}],"about":[{"href":"https:\/\/1000migliawarmupaustria.at\/de\/wp-json\/wp\/v2\/types\/page"}],"author":[{"embeddable":true,"href":"https:\/\/1000migliawarmupaustria.at\/de\/wp-json\/wp\/v2\/users\/1"}],"replies":[{"embeddable":true,"href":"https:\/\/1000migliawarmupaustria.at\/de\/wp-json\/wp\/v2\/comments?post=11002"}],"version-history":[{"count":4,"href":"https:\/\/1000migliawarmupaustria.at\/de\/wp-json\/wp\/v2\/pages\/11002\/revisions"}],"predecessor-version":[{"id":11284,"href":"https:\/\/1000migliawarmupaustria.at\/de\/wp-json\/wp\/v2\/pages\/11002\/revisions\/11284"}],"wp:attachment":[{"href":"https:\/\/1000migliawarmupaustria.at\/de\/wp-json\/wp\/v2\/media?parent=11002"}],"curies":[{"name":"wp","href":"https:\/\/api.w.org\/{rel}","templated":true}]}}