{"id":11364,"date":"2025-06-24T07:25:20","date_gmt":"2025-06-24T07:25:20","guid":{"rendered":"https:\/\/1000migliawarmupaustria.at\/registrierung-2\/"},"modified":"2025-06-24T15:01:38","modified_gmt":"2025-06-24T15:01:38","slug":"registrierung-2","status":"publish","type":"page","link":"https:\/\/1000migliawarmupaustria.at\/de\/registrierung-2\/","title":{"rendered":"REGISTRIERUNG"},"content":{"rendered":"\t\t<div data-elementor-type=\"wp-post\" data-elementor-id=\"11364\" class=\"elementor elementor-11364 elementor-11329\" data-elementor-post-type=\"page\">\n\t\t\t\t\t\t<section class=\"elementor-section elementor-top-section elementor-element elementor-element-6f86138 elementor-section-height-min-height elementor-reverse-mobile elementor-section-boxed elementor-section-height-default elementor-section-items-middle elementor-invisible\" data-id=\"6f86138\" data-element_type=\"section\" data-e-type=\"section\" data-settings=\"{&quot;background_background&quot;:&quot;classic&quot;,&quot;animation&quot;:&quot;fadeIn&quot;}\">\n\t\t\t\t\t\t<div class=\"elementor-container elementor-column-gap-default\">\n\t\t\t\t\t<div class=\"elementor-column elementor-col-100 elementor-top-column elementor-element elementor-element-4cdfa24\" data-id=\"4cdfa24\" data-element_type=\"column\" data-e-type=\"column\">\n\t\t\t<div class=\"elementor-widget-wrap\">\n\t\t\t\t\t\t\t<\/div>\n\t\t<\/div>\n\t\t\t\t\t<\/div>\n\t\t<\/section>\n\t\t\t\t<section class=\"elementor-section elementor-top-section elementor-element elementor-element-2d27638 elementor-section-height-min-height elementor-reverse-mobile elementor-section-boxed elementor-section-height-default elementor-section-items-middle elementor-invisible\" data-id=\"2d27638\" data-element_type=\"section\" data-e-type=\"section\" data-settings=\"{&quot;background_background&quot;:&quot;classic&quot;,&quot;animation&quot;:&quot;fadeIn&quot;}\">\n\t\t\t\t\t\t<div class=\"elementor-container elementor-column-gap-default\">\n\t\t\t\t\t<div class=\"elementor-column elementor-col-100 elementor-top-column elementor-element elementor-element-2c7005a\" data-id=\"2c7005a\" data-element_type=\"column\" data-e-type=\"column\">\n\t\t\t<div class=\"elementor-widget-wrap elementor-element-populated\">\n\t\t\t\t\t\t<div class=\"elementor-element elementor-element-5ec3378 elementor-widget elementor-widget-heading\" data-id=\"5ec3378\" data-element_type=\"widget\" data-e-type=\"widget\" data-widget_type=\"heading.default\">\n\t\t\t\t<div class=\"elementor-widget-container\">\n\t\t\t\t\t<h2 class=\"elementor-heading-title elementor-size-default\">TEILNAHMEGEB\u00dcHREN F\u00dcR EINE CREW BESTEHEND AUS ZWEI PERSONEN IM DOPPELZIMMER<\/h2>\t\t\t\t<\/div>\n\t\t\t\t<\/div>\n\t\t\t\t<section class=\"elementor-section elementor-inner-section elementor-element elementor-element-c6ceff0 elementor-section-full_width elementor-section-height-default elementor-section-height-default\" data-id=\"c6ceff0\" data-element_type=\"section\" data-e-type=\"section\">\n\t\t\t\t\t\t<div class=\"elementor-container elementor-column-gap-default\">\n\t\t\t\t\t<div class=\"elementor-column elementor-col-100 elementor-inner-column elementor-element elementor-element-2bfc84c\" data-id=\"2bfc84c\" data-element_type=\"column\" data-e-type=\"column\">\n\t\t\t<div class=\"elementor-widget-wrap elementor-element-populated\">\n\t\t\t\t\t\t<div class=\"elementor-element elementor-element-993a831 elementor-widget elementor-widget-text-editor\" data-id=\"993a831\" data-element_type=\"widget\" data-e-type=\"widget\" data-widget_type=\"text-editor.default\">\n\t\t\t\t<div class=\"elementor-widget-container\">\n\t\t\t\t\t\t\t\t\tTEILNAHMEGEB\u00dcHREN\t\t\t\t\t\t\t\t<\/div>\n\t\t\t\t<\/div>\n\t\t\t\t\t<\/div>\n\t\t<\/div>\n\t\t\t\t\t<\/div>\n\t\t<\/section>\n\t\t\t\t<section class=\"elementor-section elementor-inner-section elementor-element elementor-element-de2f21f elementor-section-full_width elementor-hidden-desktop elementor-hidden-tablet elementor-hidden-mobile elementor-section-height-default elementor-section-height-default\" data-id=\"de2f21f\" data-element_type=\"section\" data-e-type=\"section\">\n\t\t\t\t\t\t<div class=\"elementor-container elementor-column-gap-default\">\n\t\t\t\t\t<div class=\"elementor-column elementor-col-50 elementor-inner-column elementor-element elementor-element-650fd8d\" data-id=\"650fd8d\" data-element_type=\"column\" data-e-type=\"column\">\n\t\t\t<div class=\"elementor-widget-wrap elementor-element-populated\">\n\t\t\t\t\t\t<div class=\"elementor-element elementor-element-6bbf11a elementor-widget elementor-widget-text-editor\" data-id=\"6bbf11a\" data-element_type=\"widget\" data-e-type=\"widget\" data-widget_type=\"text-editor.default\">\n\t\t\t\t<div class=\"elementor-widget-container\">\n\t\t\t\t\t\t\t\t\t\u201cFR\u00dcHBUCHER\u201d BIS 15.05.2025\t\t\t\t\t\t\t\t<\/div>\n\t\t\t\t<\/div>\n\t\t\t\t\t<\/div>\n\t\t<\/div>\n\t\t\t\t<div class=\"elementor-column elementor-col-50 elementor-inner-column elementor-element elementor-element-07b7f07\" data-id=\"07b7f07\" data-element_type=\"column\" data-e-type=\"column\">\n\t\t\t<div class=\"elementor-widget-wrap elementor-element-populated\">\n\t\t\t\t\t\t<div class=\"elementor-element elementor-element-72a4f87 elementor-widget elementor-widget-text-editor\" data-id=\"72a4f87\" data-element_type=\"widget\" data-e-type=\"widget\" data-widget_type=\"text-editor.default\">\n\t\t\t\t<div class=\"elementor-widget-container\">\n\t\t\t\t\t\t\t\t\t<p>\u20ac 6.700,00<\/p>\t\t\t\t\t\t\t\t<\/div>\n\t\t\t\t<\/div>\n\t\t\t\t\t<\/div>\n\t\t<\/div>\n\t\t\t\t\t<\/div>\n\t\t<\/section>\n\t\t\t\t<section class=\"elementor-section elementor-inner-section elementor-element elementor-element-32a78fd elementor-section-full_width elementor-hidden-desktop elementor-hidden-tablet elementor-hidden-mobile elementor-section-height-default elementor-section-height-default\" data-id=\"32a78fd\" data-element_type=\"section\" data-e-type=\"section\">\n\t\t\t\t\t\t<div class=\"elementor-container elementor-column-gap-default\">\n\t\t\t\t\t<div class=\"elementor-column elementor-col-50 elementor-inner-column elementor-element elementor-element-b2865ca\" data-id=\"b2865ca\" data-element_type=\"column\" data-e-type=\"column\">\n\t\t\t<div class=\"elementor-widget-wrap elementor-element-populated\">\n\t\t\t\t\t\t<div class=\"elementor-element elementor-element-793e5df elementor-widget elementor-widget-text-editor\" data-id=\"793e5df\" data-element_type=\"widget\" data-e-type=\"widget\" data-widget_type=\"text-editor.default\">\n\t\t\t\t<div class=\"elementor-widget-container\">\n\t\t\t\t\t\t\t\t\tVOM 16.05.2025 BIS 15.06.205\t\t\t\t\t\t\t\t<\/div>\n\t\t\t\t<\/div>\n\t\t\t\t\t<\/div>\n\t\t<\/div>\n\t\t\t\t<div class=\"elementor-column elementor-col-50 elementor-inner-column elementor-element elementor-element-317925f\" data-id=\"317925f\" data-element_type=\"column\" data-e-type=\"column\">\n\t\t\t<div class=\"elementor-widget-wrap elementor-element-populated\">\n\t\t\t\t\t\t<div class=\"elementor-element elementor-element-e3873d5 elementor-widget elementor-widget-text-editor\" data-id=\"e3873d5\" data-element_type=\"widget\" data-e-type=\"widget\" data-widget_type=\"text-editor.default\">\n\t\t\t\t<div class=\"elementor-widget-container\">\n\t\t\t\t\t\t\t\t\t<p>\u20ac 6.900,00<\/p>\t\t\t\t\t\t\t\t<\/div>\n\t\t\t\t<\/div>\n\t\t\t\t\t<\/div>\n\t\t<\/div>\n\t\t\t\t\t<\/div>\n\t\t<\/section>\n\t\t\t\t<section class=\"elementor-section elementor-inner-section elementor-element elementor-element-ae71126 elementor-section-full_width elementor-section-height-default elementor-section-height-default\" data-id=\"ae71126\" data-element_type=\"section\" data-e-type=\"section\">\n\t\t\t\t\t\t<div class=\"elementor-container elementor-column-gap-default\">\n\t\t\t\t\t<div class=\"elementor-column elementor-col-50 elementor-inner-column elementor-element elementor-element-65c1444\" data-id=\"65c1444\" data-element_type=\"column\" data-e-type=\"column\">\n\t\t\t<div class=\"elementor-widget-wrap elementor-element-populated\">\n\t\t\t\t\t\t<div class=\"elementor-element elementor-element-acc272c elementor-widget elementor-widget-text-editor\" data-id=\"acc272c\" data-element_type=\"widget\" data-e-type=\"widget\" data-widget_type=\"text-editor.default\">\n\t\t\t\t<div class=\"elementor-widget-container\">\n\t\t\t\t\t\t\t\t\tAB 16.05.2025\t\t\t\t\t\t\t\t<\/div>\n\t\t\t\t<\/div>\n\t\t\t\t\t<\/div>\n\t\t<\/div>\n\t\t\t\t<div class=\"elementor-column elementor-col-50 elementor-inner-column elementor-element elementor-element-0488df9\" data-id=\"0488df9\" data-element_type=\"column\" data-e-type=\"column\">\n\t\t\t<div class=\"elementor-widget-wrap elementor-element-populated\">\n\t\t\t\t\t\t<div class=\"elementor-element elementor-element-9345f27 elementor-widget elementor-widget-text-editor\" data-id=\"9345f27\" data-element_type=\"widget\" data-e-type=\"widget\" data-widget_type=\"text-editor.default\">\n\t\t\t\t<div class=\"elementor-widget-container\">\n\t\t\t\t\t\t\t\t\t<p>\u20ac 7.000,00<\/p>\t\t\t\t\t\t\t\t<\/div>\n\t\t\t\t<\/div>\n\t\t\t\t\t<\/div>\n\t\t<\/div>\n\t\t\t\t\t<\/div>\n\t\t<\/section>\n\t\t\t\t<div class=\"elementor-element elementor-element-50ca897 elementor-widget elementor-widget-text-editor\" data-id=\"50ca897\" data-element_type=\"widget\" data-e-type=\"widget\" data-widget_type=\"text-editor.default\">\n\t\t\t\t<div class=\"elementor-widget-container\">\n\t\t\t\t\t\t\t\t\t<p>Die Teilnahmegeb\u00fchr beinhaltet folgende Leistungen f\u00fcr die Crew von 2 Personen:<\/p><ul><li>n. 3 \u00dcbernachtungen in Hotels im Luxussegment mit Fr\u00fchst\u00fcck im Doppelzimmer<\/li><li>n. 3 Abendessen, davon ein Galadinner<\/li><li>n. 1 leichtes Mittagessen und 2 Mittagessen<\/li><li>Kaffeepausen auf der Rennstrecke<\/li><li>Willkommenstasche<\/li><li>Roadbook und Identifikationsnummer f\u00fcr das Auto<\/li><li>Pannenhilfe<\/li><\/ul>\t\t\t\t\t\t\t\t<\/div>\n\t\t\t\t<\/div>\n\t\t\t\t<div class=\"elementor-element elementor-element-b572e83 elementor-widget elementor-widget-html\" data-id=\"b572e83\" data-element_type=\"widget\" data-e-type=\"widget\" data-widget_type=\"html.default\">\n\t\t\t\t<div class=\"elementor-widget-container\">\n\t\t\t\t\t<div style=\"text-align: center; color: #fff;\">f\u00fclle das&nbsp;<mark style=\"background-color: #CE232A;\"><b><a href=\"https:\/\/1000migliawarmupaustria.at\/wp-content\/uploads\/2025\/06\/SCHEDA_ISCRIZIONE_DE.pdf\"><u>Anmeldeformular<\/u><\/a><\/b><\/mark>&nbsp;aus und sende es an participants@1000migliawarmupaustria.at<\/div>\n\t\t\t\t<\/div>\n\t\t\t\t<\/div>\n\t\t\t\t<div class=\"elementor-element elementor-element-be3a755 elementor-widget elementor-widget-heading\" data-id=\"be3a755\" data-element_type=\"widget\" data-e-type=\"widget\" data-widget_type=\"heading.default\">\n\t\t\t\t<div class=\"elementor-widget-container\">\n\t\t\t\t\t<h2 class=\"elementor-heading-title elementor-size-default\">ZUSATZLEISTUNGEN<\/h2>\t\t\t\t<\/div>\n\t\t\t\t<\/div>\n\t\t\t\t<div class=\"elementor-element elementor-element-0ddc96a elementor-widget elementor-widget-text-editor\" data-id=\"0ddc96a\" data-element_type=\"widget\" data-e-type=\"widget\" data-widget_type=\"text-editor.default\">\n\t\t\t\t<div class=\"elementor-widget-container\">\n\t\t\t\t\t\t\t\t\t<ul><li><strong>Hotelunterkunft im Einzelzimmer<\/strong> \u20ac 1.600,00, umfasst die Unterbringung der Mannschaft in 2 DZA-Zimmern f\u00fcr 3 N\u00e4chte *solange verf\u00fcgbar<\/li><li style=\"font-weight: 400;\" aria-level=\"1\"><strong>Begleitfahrzeug mit Unterkunft und Bewirtung<\/strong> \u20ac 5.000,00, umfasst<ul><li style=\"font-weight: 400;\" aria-level=\"1\">n. 3 \u00dcbernachtungen in Hotels im Luxussegment mit Fr\u00fchst\u00fcck im Doppelzimmer<\/li><li style=\"font-weight: 400;\" aria-level=\"1\">n. 3 Abendessen, davon ein Galadinner<\/li><li style=\"font-weight: 400;\" aria-level=\"1\">n. 1 leichtes Mittagessen und 2 Mittagessen<\/li><li style=\"font-weight: 400;\" aria-level=\"1\">Kaffeepausen auf der Rennstrecke<\/li><li style=\"font-weight: 400;\" aria-level=\"1\">Willkommenstasche<\/li><li style=\"font-weight: 400;\" aria-level=\"1\">Roadbook und Identifikationsnummer f\u00fcr das Auto<\/li><li style=\"font-weight: 400;\" aria-level=\"1\">Pannenhilfe<\/li><\/ul><\/li><li><strong>Begleitfahrzeug ohne Unterkunft und Bewirtung<\/strong> \u20ac 500,00 umfasst<ul><li style=\"font-weight: 400;\" aria-level=\"1\">Roadbook und Identifikationsnummer Begleitfahrzeug<\/li><li style=\"font-weight: 400;\" aria-level=\"1\">Parkpl\u00e4tze in speziellen Bereichen<\/li><\/ul><\/li><\/ul><p>P.S. Es ist nicht m\u00f6glich, Oldtimer als Begleitfahrzeuge einzusetzen.<\/p><p>Es ist au\u00dferdem m\u00f6glich, zus\u00e4tzliche Hospitality-Leistungen zu erwerben, indem Sie sich direkt an unseren Kundenservice wenden unter: <strong><span style=\"color: #ff0000;\"><i><a id=\"LPlnkOWA0c102818-64bd-fb46-9008-67ce41b58891\" class=\"x_OWAAutoLink x_elementToProof\" style=\"color: #ff0000; text-decoration: none;\" title=\"mailto:participants@1000migliawarmupaustria.at\" href=\"mailto:participants@1000migliawarmupaustria.at\" data-linkindex=\"1\" data-olk-copy-source=\"MessageBody\">participants@1000migliawarmupaustria.at<\/a><\/i><\/span><\/strong><\/p>\t\t\t\t\t\t\t\t<\/div>\n\t\t\t\t<\/div>\n\t\t\t\t\t<\/div>\n\t\t<\/div>\n\t\t\t\t\t<\/div>\n\t\t<\/section>\n\t\t\t\t<\/div>\n\t\t","protected":false},"excerpt":{"rendered":"<p>TEILNAHMEGEB\u00dcHREN F\u00dcR EINE CREW BESTEHEND AUS ZWEI PERSONEN IM DOPPELZIMMER TEILNAHMEGEB\u00dcHREN\u201cFR\u00dcHBUCHER\u201d BIS 15.05.2025 \u20ac 6.700,00 VOM 16.05.2025 BIS 15.06.205 \u20ac 6.900,00 AB 16.05.2025 \u20ac 7.000,00 Die Teilnahmegeb\u00fchr beinhaltet folgende Leistungen f\u00fcr die Crew von 2 Personen: n. 3 \u00dcbernachtungen in &hellip; <a href=\"https:\/\/1000migliawarmupaustria.at\/de\/registrierung-2\/\">Read More<\/a><\/p>\n","protected":false},"author":1,"featured_media":0,"parent":0,"menu_order":11,"comment_status":"closed","ping_status":"closed","template":"","meta":{"footnotes":""},"class_list":["post-11364","page","type-page","status-publish","hentry"],"_links":{"self":[{"href":"https:\/\/1000migliawarmupaustria.at\/de\/wp-json\/wp\/v2\/pages\/11364","targetHints":{"allow":["GET"]}}],"collection":[{"href":"https:\/\/1000migliawarmupaustria.at\/de\/wp-json\/wp\/v2\/pages"}],"about":[{"href":"https:\/\/1000migliawarmupaustria.at\/de\/wp-json\/wp\/v2\/types\/page"}],"author":[{"embeddable":true,"href":"https:\/\/1000migliawarmupaustria.at\/de\/wp-json\/wp\/v2\/users\/1"}],"replies":[{"embeddable":true,"href":"https:\/\/1000migliawarmupaustria.at\/de\/wp-json\/wp\/v2\/comments?post=11364"}],"version-history":[{"count":13,"href":"https:\/\/1000migliawarmupaustria.at\/de\/wp-json\/wp\/v2\/pages\/11364\/revisions"}],"predecessor-version":[{"id":11504,"href":"https:\/\/1000migliawarmupaustria.at\/de\/wp-json\/wp\/v2\/pages\/11364\/revisions\/11504"}],"wp:attachment":[{"href":"https:\/\/1000migliawarmupaustria.at\/de\/wp-json\/wp\/v2\/media?parent=11364"}],"curies":[{"name":"wp","href":"https:\/\/api.w.org\/{rel}","templated":true}]}}