{"id":13427,"date":"2026-03-20T09:41:34","date_gmt":"2026-03-20T09:41:34","guid":{"rendered":"https:\/\/1000migliawarmupaustria.at\/?page_id=13427"},"modified":"2026-03-20T09:41:34","modified_gmt":"2026-03-20T09:41:34","slug":"registrierung-2026","status":"publish","type":"page","link":"https:\/\/1000migliawarmupaustria.at\/de\/registrierung-2026\/","title":{"rendered":"REGISTRIERUNG 2026"},"content":{"rendered":"\t\t<div data-elementor-type=\"wp-post\" data-elementor-id=\"13427\" class=\"elementor elementor-13427\" data-elementor-post-type=\"page\">\n\t\t\t\t\t\t<section class=\"elementor-section elementor-top-section elementor-element elementor-element-6f86138 elementor-section-height-min-height elementor-reverse-mobile elementor-section-boxed elementor-section-height-default elementor-section-items-middle elementor-invisible\" data-id=\"6f86138\" data-element_type=\"section\" data-e-type=\"section\" data-settings=\"{&quot;background_background&quot;:&quot;classic&quot;,&quot;animation&quot;:&quot;fadeIn&quot;}\">\n\t\t\t\t\t\t<div class=\"elementor-container elementor-column-gap-default\">\n\t\t\t\t\t<div class=\"elementor-column elementor-col-100 elementor-top-column elementor-element elementor-element-4cdfa24\" data-id=\"4cdfa24\" data-element_type=\"column\" data-e-type=\"column\">\n\t\t\t<div class=\"elementor-widget-wrap\">\n\t\t\t\t\t\t\t<\/div>\n\t\t<\/div>\n\t\t\t\t\t<\/div>\n\t\t<\/section>\n\t\t\t\t<section class=\"elementor-section elementor-top-section elementor-element elementor-element-2d27638 elementor-section-height-min-height elementor-reverse-mobile elementor-section-boxed elementor-section-height-default elementor-section-items-middle elementor-invisible\" data-id=\"2d27638\" data-element_type=\"section\" data-e-type=\"section\" data-settings=\"{&quot;background_background&quot;:&quot;classic&quot;,&quot;animation&quot;:&quot;fadeIn&quot;}\">\n\t\t\t\t\t\t<div class=\"elementor-container elementor-column-gap-default\">\n\t\t\t\t\t<div class=\"elementor-column elementor-col-100 elementor-top-column elementor-element elementor-element-2c7005a\" data-id=\"2c7005a\" data-element_type=\"column\" data-e-type=\"column\">\n\t\t\t<div class=\"elementor-widget-wrap elementor-element-populated\">\n\t\t\t\t\t\t<div class=\"elementor-element elementor-element-5ec3378 elementor-widget elementor-widget-heading\" data-id=\"5ec3378\" data-element_type=\"widget\" data-e-type=\"widget\" data-widget_type=\"heading.default\">\n\t\t\t\t<div class=\"elementor-widget-container\">\n\t\t\t\t\t<h2 class=\"elementor-heading-title elementor-size-default\">TEILNAHMEGEB\u00dcHREN F\u00dcR EINE CREW BESTEHEND AUS ZWEI PERSONEN IM DOPPELZIMMER<\/h2>\t\t\t\t<\/div>\n\t\t\t\t<\/div>\n\t\t\t\t<section class=\"elementor-section elementor-inner-section elementor-element elementor-element-c6ceff0 elementor-section-full_width elementor-section-height-default elementor-section-height-default\" data-id=\"c6ceff0\" data-element_type=\"section\" data-e-type=\"section\">\n\t\t\t\t\t\t<div class=\"elementor-container elementor-column-gap-default\">\n\t\t\t\t\t<div class=\"elementor-column elementor-col-100 elementor-inner-column elementor-element elementor-element-2bfc84c\" data-id=\"2bfc84c\" data-element_type=\"column\" data-e-type=\"column\">\n\t\t\t<div class=\"elementor-widget-wrap elementor-element-populated\">\n\t\t\t\t\t\t<div class=\"elementor-element elementor-element-993a831 elementor-widget elementor-widget-text-editor\" data-id=\"993a831\" data-element_type=\"widget\" data-e-type=\"widget\" data-widget_type=\"text-editor.default\">\n\t\t\t\t<div class=\"elementor-widget-container\">\n\t\t\t\t\t\t\t\t\tTEILNAHMEGEB\u00dcHREN\t\t\t\t\t\t\t\t<\/div>\n\t\t\t\t<\/div>\n\t\t\t\t\t<\/div>\n\t\t<\/div>\n\t\t\t\t\t<\/div>\n\t\t<\/section>\n\t\t\t\t<section class=\"elementor-section elementor-inner-section elementor-element elementor-element-de2f21f elementor-section-full_width elementor-hidden-desktop elementor-hidden-tablet elementor-hidden-mobile elementor-section-height-default elementor-section-height-default\" data-id=\"de2f21f\" data-element_type=\"section\" data-e-type=\"section\">\n\t\t\t\t\t\t<div class=\"elementor-container elementor-column-gap-default\">\n\t\t\t\t\t<div class=\"elementor-column elementor-col-50 elementor-inner-column elementor-element elementor-element-650fd8d\" data-id=\"650fd8d\" data-element_type=\"column\" data-e-type=\"column\">\n\t\t\t<div class=\"elementor-widget-wrap elementor-element-populated\">\n\t\t\t\t\t\t<div class=\"elementor-element elementor-element-6bbf11a elementor-widget elementor-widget-text-editor\" data-id=\"6bbf11a\" data-element_type=\"widget\" data-e-type=\"widget\" data-widget_type=\"text-editor.default\">\n\t\t\t\t<div class=\"elementor-widget-container\">\n\t\t\t\t\t\t\t\t\t\u201cFR\u00dcHBUCHER\u201d BIS 15.05.2025\t\t\t\t\t\t\t\t<\/div>\n\t\t\t\t<\/div>\n\t\t\t\t\t<\/div>\n\t\t<\/div>\n\t\t\t\t<div class=\"elementor-column elementor-col-50 elementor-inner-column elementor-element elementor-element-07b7f07\" data-id=\"07b7f07\" data-element_type=\"column\" data-e-type=\"column\">\n\t\t\t<div class=\"elementor-widget-wrap elementor-element-populated\">\n\t\t\t\t\t\t<div class=\"elementor-element elementor-element-72a4f87 elementor-widget elementor-widget-text-editor\" data-id=\"72a4f87\" data-element_type=\"widget\" data-e-type=\"widget\" data-widget_type=\"text-editor.default\">\n\t\t\t\t<div class=\"elementor-widget-container\">\n\t\t\t\t\t\t\t\t\t<p>\u20ac 6.700,00<\/p>\t\t\t\t\t\t\t\t<\/div>\n\t\t\t\t<\/div>\n\t\t\t\t\t<\/div>\n\t\t<\/div>\n\t\t\t\t\t<\/div>\n\t\t<\/section>\n\t\t\t\t<section class=\"elementor-section elementor-inner-section elementor-element elementor-element-32a78fd elementor-section-full_width elementor-hidden-desktop elementor-hidden-tablet elementor-hidden-mobile elementor-section-height-default elementor-section-height-default\" data-id=\"32a78fd\" data-element_type=\"section\" data-e-type=\"section\">\n\t\t\t\t\t\t<div class=\"elementor-container elementor-column-gap-default\">\n\t\t\t\t\t<div class=\"elementor-column elementor-col-50 elementor-inner-column elementor-element elementor-element-b2865ca\" data-id=\"b2865ca\" data-element_type=\"column\" data-e-type=\"column\">\n\t\t\t<div class=\"elementor-widget-wrap elementor-element-populated\">\n\t\t\t\t\t\t<div class=\"elementor-element elementor-element-793e5df elementor-widget elementor-widget-text-editor\" data-id=\"793e5df\" data-element_type=\"widget\" data-e-type=\"widget\" data-widget_type=\"text-editor.default\">\n\t\t\t\t<div class=\"elementor-widget-container\">\n\t\t\t\t\t\t\t\t\tVOM 16.05.2025 BIS 15.06.205\t\t\t\t\t\t\t\t<\/div>\n\t\t\t\t<\/div>\n\t\t\t\t\t<\/div>\n\t\t<\/div>\n\t\t\t\t<div class=\"elementor-column elementor-col-50 elementor-inner-column elementor-element elementor-element-317925f\" data-id=\"317925f\" data-element_type=\"column\" data-e-type=\"column\">\n\t\t\t<div class=\"elementor-widget-wrap elementor-element-populated\">\n\t\t\t\t\t\t<div class=\"elementor-element elementor-element-e3873d5 elementor-widget elementor-widget-text-editor\" data-id=\"e3873d5\" data-element_type=\"widget\" data-e-type=\"widget\" data-widget_type=\"text-editor.default\">\n\t\t\t\t<div class=\"elementor-widget-container\">\n\t\t\t\t\t\t\t\t\t<p>\u20ac 6.900,00<\/p>\t\t\t\t\t\t\t\t<\/div>\n\t\t\t\t<\/div>\n\t\t\t\t\t<\/div>\n\t\t<\/div>\n\t\t\t\t\t<\/div>\n\t\t<\/section>\n\t\t\t\t<section class=\"elementor-section elementor-inner-section elementor-element elementor-element-ae71126 elementor-section-full_width elementor-section-height-default elementor-section-height-default\" data-id=\"ae71126\" data-element_type=\"section\" data-e-type=\"section\">\n\t\t\t\t\t\t<div class=\"elementor-container elementor-column-gap-default\">\n\t\t\t\t\t<div class=\"elementor-column elementor-col-50 elementor-inner-column elementor-element elementor-element-65c1444\" data-id=\"65c1444\" data-element_type=\"column\" data-e-type=\"column\">\n\t\t\t<div class=\"elementor-widget-wrap elementor-element-populated\">\n\t\t\t\t\t\t<div class=\"elementor-element elementor-element-acc272c elementor-widget elementor-widget-text-editor\" data-id=\"acc272c\" data-element_type=\"widget\" data-e-type=\"widget\" data-widget_type=\"text-editor.default\">\n\t\t\t\t<div class=\"elementor-widget-container\">\n\t\t\t\t\t\t\t\t\t<p><span style=\"font-weight: 400;\">Maerz 2026\u00a0<\/span><\/p>\t\t\t\t\t\t\t\t<\/div>\n\t\t\t\t<\/div>\n\t\t\t\t\t<\/div>\n\t\t<\/div>\n\t\t\t\t<div class=\"elementor-column elementor-col-50 elementor-inner-column elementor-element elementor-element-0488df9\" data-id=\"0488df9\" data-element_type=\"column\" data-e-type=\"column\">\n\t\t\t<div class=\"elementor-widget-wrap elementor-element-populated\">\n\t\t\t\t\t\t<div class=\"elementor-element elementor-element-9345f27 elementor-widget elementor-widget-text-editor\" data-id=\"9345f27\" data-element_type=\"widget\" data-e-type=\"widget\" data-widget_type=\"text-editor.default\">\n\t\t\t\t<div class=\"elementor-widget-container\">\n\t\t\t\t\t\t\t\t\t<p>\u20ac 6.500,00<\/p>\t\t\t\t\t\t\t\t<\/div>\n\t\t\t\t<\/div>\n\t\t\t\t\t<\/div>\n\t\t<\/div>\n\t\t\t\t\t<\/div>\n\t\t<\/section>\n\t\t\t\t<section class=\"elementor-section elementor-inner-section elementor-element elementor-element-451edad elementor-section-full_width elementor-section-height-default elementor-section-height-default\" data-id=\"451edad\" data-element_type=\"section\" data-e-type=\"section\">\n\t\t\t\t\t\t<div class=\"elementor-container elementor-column-gap-default\">\n\t\t\t\t\t<div class=\"elementor-column elementor-col-50 elementor-inner-column elementor-element elementor-element-67b1292\" data-id=\"67b1292\" data-element_type=\"column\" data-e-type=\"column\">\n\t\t\t<div class=\"elementor-widget-wrap elementor-element-populated\">\n\t\t\t\t\t\t<div class=\"elementor-element elementor-element-68b2d69 elementor-widget elementor-widget-text-editor\" data-id=\"68b2d69\" data-element_type=\"widget\" data-e-type=\"widget\" data-widget_type=\"text-editor.default\">\n\t\t\t\t<div class=\"elementor-widget-container\">\n\t\t\t\t\t\t\t\t\t<p><span style=\"font-weight: 400;\">April\u00a02026\u00a0<\/span><\/p>\t\t\t\t\t\t\t\t<\/div>\n\t\t\t\t<\/div>\n\t\t\t\t\t<\/div>\n\t\t<\/div>\n\t\t\t\t<div class=\"elementor-column elementor-col-50 elementor-inner-column elementor-element elementor-element-84af6f1\" data-id=\"84af6f1\" data-element_type=\"column\" data-e-type=\"column\">\n\t\t\t<div class=\"elementor-widget-wrap elementor-element-populated\">\n\t\t\t\t\t\t<div class=\"elementor-element elementor-element-cbb1ee9 elementor-widget elementor-widget-text-editor\" data-id=\"cbb1ee9\" data-element_type=\"widget\" data-e-type=\"widget\" data-widget_type=\"text-editor.default\">\n\t\t\t\t<div class=\"elementor-widget-container\">\n\t\t\t\t\t\t\t\t\t<p>\u20ac 6.800,00<\/p>\t\t\t\t\t\t\t\t<\/div>\n\t\t\t\t<\/div>\n\t\t\t\t\t<\/div>\n\t\t<\/div>\n\t\t\t\t\t<\/div>\n\t\t<\/section>\n\t\t\t\t<section class=\"elementor-section elementor-inner-section elementor-element elementor-element-d18ae58 elementor-section-full_width elementor-section-height-default elementor-section-height-default\" data-id=\"d18ae58\" data-element_type=\"section\" data-e-type=\"section\">\n\t\t\t\t\t\t<div class=\"elementor-container elementor-column-gap-default\">\n\t\t\t\t\t<div class=\"elementor-column elementor-col-50 elementor-inner-column elementor-element elementor-element-777d5ea\" data-id=\"777d5ea\" data-element_type=\"column\" data-e-type=\"column\">\n\t\t\t<div class=\"elementor-widget-wrap elementor-element-populated\">\n\t\t\t\t\t\t<div class=\"elementor-element elementor-element-6b76169 elementor-widget elementor-widget-text-editor\" data-id=\"6b76169\" data-element_type=\"widget\" data-e-type=\"widget\" data-widget_type=\"text-editor.default\">\n\t\t\t\t<div class=\"elementor-widget-container\">\n\t\t\t\t\t\t\t\t\t<p><span style=\"font-weight: 400;\">Ab Mai\u00a02026\u00a0<\/span><\/p>\t\t\t\t\t\t\t\t<\/div>\n\t\t\t\t<\/div>\n\t\t\t\t\t<\/div>\n\t\t<\/div>\n\t\t\t\t<div class=\"elementor-column elementor-col-50 elementor-inner-column elementor-element elementor-element-28d865e\" data-id=\"28d865e\" data-element_type=\"column\" data-e-type=\"column\">\n\t\t\t<div class=\"elementor-widget-wrap elementor-element-populated\">\n\t\t\t\t\t\t<div class=\"elementor-element elementor-element-1be8f6b elementor-widget elementor-widget-text-editor\" data-id=\"1be8f6b\" data-element_type=\"widget\" data-e-type=\"widget\" data-widget_type=\"text-editor.default\">\n\t\t\t\t<div class=\"elementor-widget-container\">\n\t\t\t\t\t\t\t\t\t<p>\u20ac 7.000,00<\/p>\t\t\t\t\t\t\t\t<\/div>\n\t\t\t\t<\/div>\n\t\t\t\t\t<\/div>\n\t\t<\/div>\n\t\t\t\t\t<\/div>\n\t\t<\/section>\n\t\t\t\t<div class=\"elementor-element elementor-element-50ca897 elementor-widget elementor-widget-text-editor\" data-id=\"50ca897\" data-element_type=\"widget\" data-e-type=\"widget\" data-widget_type=\"text-editor.default\">\n\t\t\t\t<div class=\"elementor-widget-container\">\n\t\t\t\t\t\t\t\t\t<p><span style=\"font-weight: 400;\">Auf Anfrage ist es m\u00f6glich, eine Teilnahmegeb\u00fchr anzufragen, die die Anmietung eines Oldtimers beinhaltet, sowohl 1000 Miglia klassisch als auch 1000 Miglia post \u00c4ra.<\/span><\/p><p><span style=\"font-weight: 400;\">Die Teilnahmegeb\u00fchr beinhaltet folgende Leistungen f\u00fcr die Crew von 2 Personen:\u00a0<\/span><\/p><ul><li style=\"font-weight: 400;\" aria-level=\"1\"><span style=\"font-weight: 400;\">n. 3 \u00dcbernachtungen in Hotels im Luxussegment mit Fr\u00fchst\u00fcck im Doppelzimmer<\/span><\/li><li style=\"font-weight: 400;\" aria-level=\"1\"><span style=\"font-weight: 400;\">n. 3 Abendessen, davon ein Galadinner<\/span><\/li><li style=\"font-weight: 400;\" aria-level=\"1\"><span style=\"font-weight: 400;\">n. 1 leichtes Mittagessen und 2 Mittagessen\u00a0<\/span><\/li><li style=\"font-weight: 400;\" aria-level=\"1\"><span style=\"font-weight: 400;\">Kaffeepausen auf der Rennstrecke<\/span><\/li><li style=\"font-weight: 400;\" aria-level=\"1\"><span style=\"font-weight: 400;\">Willkommenstasche<\/span><\/li><li style=\"font-weight: 400;\" aria-level=\"1\"><span style=\"font-weight: 400;\">Roadbook und Identifikationsnummer f\u00fcr das Auto<\/span><\/li><li style=\"font-weight: 400;\" aria-level=\"1\"><span style=\"font-weight: 400;\">Pannenhilfe<\/span><\/li><\/ul>\t\t\t\t\t\t\t\t<\/div>\n\t\t\t\t<\/div>\n\t\t\t\t<div class=\"elementor-element elementor-element-b572e83 elementor-widget elementor-widget-html\" data-id=\"b572e83\" data-element_type=\"widget\" data-e-type=\"widget\" data-widget_type=\"html.default\">\n\t\t\t\t<div class=\"elementor-widget-container\">\n\t\t\t\t\t<div style=\"text-align: center; color: #fff;\">f\u00fclle das&nbsp;<mark style=\"background-color: #CE232A;\"><b><a href=\"https:\/\/1000migliawarmupaustria.at\/wp-content\/uploads\/2026\/03\/SCHEDA_ISCRIZIONE_DE_26.pdf\"><u>Anmeldeformular<\/u><\/a><\/b><\/mark>&nbsp;aus und sende es an participants@1000migliawarmupaustria.at<\/div>\n\t\t\t\t<\/div>\n\t\t\t\t<\/div>\n\t\t\t\t<div class=\"elementor-element elementor-element-be3a755 elementor-widget elementor-widget-heading\" data-id=\"be3a755\" data-element_type=\"widget\" data-e-type=\"widget\" data-widget_type=\"heading.default\">\n\t\t\t\t<div class=\"elementor-widget-container\">\n\t\t\t\t\t<h2 class=\"elementor-heading-title elementor-size-default\">ZUSATZLEISTUNGEN<\/h2>\t\t\t\t<\/div>\n\t\t\t\t<\/div>\n\t\t\t\t<div class=\"elementor-element elementor-element-0ddc96a elementor-widget elementor-widget-text-editor\" data-id=\"0ddc96a\" data-element_type=\"widget\" data-e-type=\"widget\" data-widget_type=\"text-editor.default\">\n\t\t\t\t<div class=\"elementor-widget-container\">\n\t\t\t\t\t\t\t\t\t<ul><li><ul><li style=\"font-weight: 400;\" aria-level=\"1\"><b>Hotelunterkunft im Einzelzimmer<\/b><span style=\"font-weight: 400;\">\u00a0\u20ac 1.600,00, umfasst die Unterbringung der Mannschaft in 2 DZA-Zimmern f\u00fcr 3 N\u00e4chte *solange verf\u00fcgbar<\/span><\/li><li style=\"font-weight: 400;\" aria-level=\"1\"><b>Begleitfahrzeug mit Unterkunft und Bewirtung<\/b><span style=\"font-weight: 400;\">\u00a0\u20ac 5.000,00, umfasst<\/span><ul><li style=\"font-weight: 400;\" aria-level=\"2\"><span style=\"font-weight: 400;\">n. 3 \u00dcbernachtungen in Hotels im Luxussegment mit Fr\u00fchst\u00fcck im Doppelzimmer<\/span><\/li><li style=\"font-weight: 400;\" aria-level=\"2\"><span style=\"font-weight: 400;\">n. 3 Abendessen, davon ein Galadinner<\/span><\/li><li style=\"font-weight: 400;\" aria-level=\"2\"><span style=\"font-weight: 400;\">n. 1 leichtes Mittagessen und 2 Mittagessen<\/span><\/li><li style=\"font-weight: 400;\" aria-level=\"2\"><span style=\"font-weight: 400;\">Kaffeepausen auf der Rennstrecke<\/span><\/li><li style=\"font-weight: 400;\" aria-level=\"2\"><span style=\"font-weight: 400;\">Willkommenstasche<\/span><\/li><li style=\"font-weight: 400;\" aria-level=\"2\"><span style=\"font-weight: 400;\">Roadbook und Identifikationsnummer f\u00fcr das Auto<\/span><\/li><li style=\"font-weight: 400;\" aria-level=\"2\"><span style=\"font-weight: 400;\">Pannenhilfe<\/span><\/li><\/ul><\/li><li style=\"font-weight: 400;\" aria-level=\"1\"><b>Begleitfahrzeug ohne Unterkunft und Bewirtung<\/b><span style=\"font-weight: 400;\">\u00a0\u20ac 500,00 umfasst<\/span><ul><li style=\"font-weight: 400;\" aria-level=\"2\"><span style=\"font-weight: 400;\">Roadbook und Identifikationsnummer Begleitfahrzeug<\/span><\/li><li style=\"font-weight: 400;\" aria-level=\"2\"><span style=\"font-weight: 400;\">Parkpl\u00e4tze in speziellen Bereichen<\/span><\/li><\/ul><\/li><\/ul><p><span style=\"font-weight: 400;\">P.S. Es ist nicht m\u00f6glich, Oldtimer als Begleitfahrzeuge einzusetzen.<\/span><\/p><span style=\"font-weight: 400;\">Es ist au\u00dferdem m\u00f6glich, zus\u00e4tzliche Hospitality-Leistungen zu erwerben, indem Sie sich direkt an unseren Kundenservice wenden unter:<span style=\"color: #ff0000;\">\u00a0<\/span><\/span><span style=\"color: #ff0000;\"><a style=\"color: #ff0000;\" href=\"mailto:participants@1000migliawarmupaustria.at\"><b><i>participants@1000migliawarmupaustria.at<\/i><\/b><\/a><\/span><\/li><\/ul><p>\u00a0<\/p>\t\t\t\t\t\t\t\t<\/div>\n\t\t\t\t<\/div>\n\t\t\t\t\t<\/div>\n\t\t<\/div>\n\t\t\t\t\t<\/div>\n\t\t<\/section>\n\t\t\t\t<\/div>\n\t\t","protected":false},"excerpt":{"rendered":"<p>TEILNAHMEGEB\u00dcHREN F\u00dcR EINE CREW BESTEHEND AUS ZWEI PERSONEN IM DOPPELZIMMER TEILNAHMEGEB\u00dcHREN\u201cFR\u00dcHBUCHER\u201d BIS 15.05.2025 \u20ac 6.700,00 VOM 16.05.2025 BIS 15.06.205 \u20ac 6.900,00 Maerz 2026\u00a0 \u20ac 6.500,00 April\u00a02026\u00a0 \u20ac 6.800,00 Ab Mai\u00a02026\u00a0 \u20ac 7.000,00 Auf Anfrage ist es m\u00f6glich, eine Teilnahmegeb\u00fchr anzufragen, &hellip; <a href=\"https:\/\/1000migliawarmupaustria.at\/de\/registrierung-2026\/\">Read More<\/a><\/p>\n","protected":false},"author":1,"featured_media":0,"parent":0,"menu_order":11,"comment_status":"closed","ping_status":"closed","template":"","meta":{"footnotes":""},"class_list":["post-13427","page","type-page","status-publish","hentry"],"_links":{"self":[{"href":"https:\/\/1000migliawarmupaustria.at\/de\/wp-json\/wp\/v2\/pages\/13427","targetHints":{"allow":["GET"]}}],"collection":[{"href":"https:\/\/1000migliawarmupaustria.at\/de\/wp-json\/wp\/v2\/pages"}],"about":[{"href":"https:\/\/1000migliawarmupaustria.at\/de\/wp-json\/wp\/v2\/types\/page"}],"author":[{"embeddable":true,"href":"https:\/\/1000migliawarmupaustria.at\/de\/wp-json\/wp\/v2\/users\/1"}],"replies":[{"embeddable":true,"href":"https:\/\/1000migliawarmupaustria.at\/de\/wp-json\/wp\/v2\/comments?post=13427"}],"version-history":[{"count":10,"href":"https:\/\/1000migliawarmupaustria.at\/de\/wp-json\/wp\/v2\/pages\/13427\/revisions"}],"predecessor-version":[{"id":13457,"href":"https:\/\/1000migliawarmupaustria.at\/de\/wp-json\/wp\/v2\/pages\/13427\/revisions\/13457"}],"wp:attachment":[{"href":"https:\/\/1000migliawarmupaustria.at\/de\/wp-json\/wp\/v2\/media?parent=13427"}],"curies":[{"name":"wp","href":"https:\/\/api.w.org\/{rel}","templated":true}]}}