{"id":6789,"date":"2024-06-18T07:54:43","date_gmt":"2024-06-18T07:54:43","guid":{"rendered":"https:\/\/1000migliawarmupaustria.at\/porsche-challenge\/"},"modified":"2026-03-09T14:44:43","modified_gmt":"2026-03-09T14:44:43","slug":"porsche-challenge-2024","status":"publish","type":"page","link":"https:\/\/1000migliawarmupaustria.at\/de\/porsche-challenge-2024\/","title":{"rendered":"PORSCHE CHALLENGE 2024"},"content":{"rendered":"\t\t<div data-elementor-type=\"wp-post\" data-elementor-id=\"6789\" class=\"elementor elementor-6789 elementor-6736\" data-elementor-post-type=\"page\">\n\t\t\t\t\t\t<section class=\"elementor-section elementor-top-section elementor-element elementor-element-6f86138 elementor-section-height-min-height elementor-reverse-mobile elementor-section-boxed elementor-section-height-default elementor-section-items-middle\" data-id=\"6f86138\" data-element_type=\"section\" data-e-type=\"section\" data-settings=\"{&quot;background_background&quot;:&quot;classic&quot;,&quot;animation&quot;:&quot;none&quot;}\">\n\t\t\t\t\t\t\t<div class=\"elementor-background-overlay\"><\/div>\n\t\t\t\t\t\t\t<div class=\"elementor-container elementor-column-gap-default\">\n\t\t\t\t\t<div class=\"elementor-column elementor-col-100 elementor-top-column elementor-element elementor-element-4cdfa24\" data-id=\"4cdfa24\" data-element_type=\"column\" data-e-type=\"column\">\n\t\t\t<div class=\"elementor-widget-wrap elementor-element-populated\">\n\t\t\t\t\t<div class=\"elementor-background-overlay\"><\/div>\n\t\t\t\t\t\t<div class=\"elementor-element elementor-element-6b41fd0 elementor-widget elementor-widget-image\" data-id=\"6b41fd0\" data-element_type=\"widget\" data-e-type=\"widget\" data-widget_type=\"image.default\">\n\t\t\t\t<div class=\"elementor-widget-container\">\n\t\t\t\t\t\t\t\t\t\t\t\t\t\t\t<img fetchpriority=\"high\" decoding=\"async\" width=\"1024\" height=\"68\" src=\"https:\/\/1000migliawarmupaustria.at\/wp-content\/uploads\/2024\/06\/Porsche_wordmark_white_rgb-1024x68.png\" class=\"attachment-large size-large wp-image-6610\" alt=\"\" srcset=\"https:\/\/1000migliawarmupaustria.at\/wp-content\/uploads\/2024\/06\/Porsche_wordmark_white_rgb-1024x68.png 1024w, https:\/\/1000migliawarmupaustria.at\/wp-content\/uploads\/2024\/06\/Porsche_wordmark_white_rgb-300x20.png 300w, https:\/\/1000migliawarmupaustria.at\/wp-content\/uploads\/2024\/06\/Porsche_wordmark_white_rgb-768x51.png 768w, https:\/\/1000migliawarmupaustria.at\/wp-content\/uploads\/2024\/06\/Porsche_wordmark_white_rgb-1536x102.png 1536w, https:\/\/1000migliawarmupaustria.at\/wp-content\/uploads\/2024\/06\/Porsche_wordmark_white_rgb-2048x137.png 2048w, https:\/\/1000migliawarmupaustria.at\/wp-content\/uploads\/2024\/06\/Porsche_wordmark_white_rgb-1500x100.png 1500w, https:\/\/1000migliawarmupaustria.at\/wp-content\/uploads\/2024\/06\/Porsche_wordmark_white_rgb-1200x80.png 1200w, https:\/\/1000migliawarmupaustria.at\/wp-content\/uploads\/2024\/06\/Porsche_wordmark_white_rgb-394x26.png 394w, https:\/\/1000migliawarmupaustria.at\/wp-content\/uploads\/2024\/06\/Porsche_wordmark_white_rgb-915x61.png 915w, https:\/\/1000migliawarmupaustria.at\/wp-content\/uploads\/2024\/06\/Porsche_wordmark_white_rgb-1240x83.png 1240w, https:\/\/1000migliawarmupaustria.at\/wp-content\/uploads\/2024\/06\/Porsche_wordmark_white_rgb-1920x128.png 1920w\" sizes=\"(max-width: 1024px) 100vw, 1024px\" \/>\t\t\t\t\t\t\t\t\t\t\t\t\t\t\t<\/div>\n\t\t\t\t<\/div>\n\t\t\t\t<div class=\"elementor-element elementor-element-0391a7f elementor-widget elementor-widget-image\" data-id=\"0391a7f\" data-element_type=\"widget\" data-e-type=\"widget\" data-widget_type=\"image.default\">\n\t\t\t\t<div class=\"elementor-widget-container\">\n\t\t\t\t\t\t\t\t\t\t\t\t\t\t\t<img decoding=\"async\" width=\"2445\" height=\"629\" src=\"https:\/\/1000migliawarmupaustria.at\/wp-content\/uploads\/2024\/06\/porsche-challange-austria.png\" class=\"attachment-full size-full wp-image-6855\" alt=\"\" srcset=\"https:\/\/1000migliawarmupaustria.at\/wp-content\/uploads\/2024\/06\/porsche-challange-austria.png 2445w, https:\/\/1000migliawarmupaustria.at\/wp-content\/uploads\/2024\/06\/porsche-challange-austria-300x77.png 300w, https:\/\/1000migliawarmupaustria.at\/wp-content\/uploads\/2024\/06\/porsche-challange-austria-1024x263.png 1024w, https:\/\/1000migliawarmupaustria.at\/wp-content\/uploads\/2024\/06\/porsche-challange-austria-768x198.png 768w, https:\/\/1000migliawarmupaustria.at\/wp-content\/uploads\/2024\/06\/porsche-challange-austria-1536x395.png 1536w, https:\/\/1000migliawarmupaustria.at\/wp-content\/uploads\/2024\/06\/porsche-challange-austria-2048x527.png 2048w, https:\/\/1000migliawarmupaustria.at\/wp-content\/uploads\/2024\/06\/porsche-challange-austria-389x100.png 389w, https:\/\/1000migliawarmupaustria.at\/wp-content\/uploads\/2024\/06\/porsche-challange-austria-311x80.png 311w, https:\/\/1000migliawarmupaustria.at\/wp-content\/uploads\/2024\/06\/porsche-challange-austria-394x101.png 394w, https:\/\/1000migliawarmupaustria.at\/wp-content\/uploads\/2024\/06\/porsche-challange-austria-915x235.png 915w, https:\/\/1000migliawarmupaustria.at\/wp-content\/uploads\/2024\/06\/porsche-challange-austria-1240x319.png 1240w, https:\/\/1000migliawarmupaustria.at\/wp-content\/uploads\/2024\/06\/porsche-challange-austria-1920x494.png 1920w\" sizes=\"(max-width: 2445px) 100vw, 2445px\" \/>\t\t\t\t\t\t\t\t\t\t\t\t\t\t\t<\/div>\n\t\t\t\t<\/div>\n\t\t\t\t\t<\/div>\n\t\t<\/div>\n\t\t\t\t\t<\/div>\n\t\t<\/section>\n\t\t\t\t<section class=\"elementor-section elementor-top-section elementor-element elementor-element-4db1c1e elementor-section-boxed elementor-section-height-default elementor-section-height-default\" data-id=\"4db1c1e\" data-element_type=\"section\" data-e-type=\"section\" data-settings=\"{&quot;background_background&quot;:&quot;classic&quot;}\">\n\t\t\t\t\t\t<div class=\"elementor-container elementor-column-gap-default\">\n\t\t\t\t\t<div class=\"elementor-column elementor-col-100 elementor-top-column elementor-element elementor-element-aac3a0f\" data-id=\"aac3a0f\" data-element_type=\"column\" data-e-type=\"column\">\n\t\t\t<div class=\"elementor-widget-wrap elementor-element-populated\">\n\t\t\t\t\t\t<div class=\"elementor-element elementor-element-a32bf5e elementor-view-default elementor-position-top elementor-widget elementor-widget-themo-header\" data-id=\"a32bf5e\" data-element_type=\"widget\" data-e-type=\"widget\" data-widget_type=\"themo-header.default\">\n\t\t\t\t<div class=\"elementor-widget-container\">\n\t\t\t\t\t\t\t<div class=\"th-header-wrap\">\n        <div class=\"elementor-icon-box-wrapper \">\n                            <div class=\"elementor-icon-box-content\">\n                    <h1 class=\"elementor-icon-box-title\">\n                                            <\/h1>\n                                        <p class=\"elementor-icon-box-description\">Mit bis zu 20 atemberaubenden Exemplaren der kultigen Marke, die von 1977 bis heute gebaut wurden, wird die historischen Fahrzeuge der 1000 Miglia Warm Up Austria begleiten. mit bis zu 20 atemberaubenden Exemplaren der kultigen Marke, die von 1977 bis heute gebaut wurden, wird die historischen Fahrzeuge der 1000 Miglia Warm Up Austria begleiten. Eine spektakul\u00e4re dreit\u00e4gige Veranstaltung auf den atemberaubenden Strecken des Salzburger Landes und der \u00f6sterreichischen Alpen, die die M\u00f6glichkeit bietet, Gleichm\u00e4\u00dfigkeitstechniken zu erlernen oder zu perfektionieren und gleichzeitig entspannende Momente in eleganten Einrichtungen zu genie\u00dfen, die eine unvergessliche Erinnerung an diese aufregende Veranstaltung hinterlassen werden.<\/p>\n\n                                    <\/div>\n            <\/div>\n\n        <\/div>\n\n\t\t\t\t\t\t<\/div>\n\t\t\t\t<\/div>\n\t\t\t\t<div class=\"elementor-element elementor-element-5cae830 elementor-widget elementor-widget-image\" data-id=\"5cae830\" data-element_type=\"widget\" data-e-type=\"widget\" data-widget_type=\"image.default\">\n\t\t\t\t<div class=\"elementor-widget-container\">\n\t\t\t\t\t\t\t\t\t\t\t\t\t\t\t<img decoding=\"async\" width=\"2560\" height=\"1708\" src=\"https:\/\/1000migliawarmupaustria.at\/wp-content\/uploads\/2024\/06\/537308_ADD_0808-scaled.jpg\" class=\"attachment-full size-full wp-image-6745\" alt=\"\" srcset=\"https:\/\/1000migliawarmupaustria.at\/wp-content\/uploads\/2024\/06\/537308_ADD_0808-scaled.jpg 2560w, https:\/\/1000migliawarmupaustria.at\/wp-content\/uploads\/2024\/06\/537308_ADD_0808-300x200.jpg 300w, https:\/\/1000migliawarmupaustria.at\/wp-content\/uploads\/2024\/06\/537308_ADD_0808-1024x683.jpg 1024w, https:\/\/1000migliawarmupaustria.at\/wp-content\/uploads\/2024\/06\/537308_ADD_0808-768x512.jpg 768w, https:\/\/1000migliawarmupaustria.at\/wp-content\/uploads\/2024\/06\/537308_ADD_0808-1536x1025.jpg 1536w, https:\/\/1000migliawarmupaustria.at\/wp-content\/uploads\/2024\/06\/537308_ADD_0808-2048x1366.jpg 2048w, https:\/\/1000migliawarmupaustria.at\/wp-content\/uploads\/2024\/06\/537308_ADD_0808-150x100.jpg 150w, https:\/\/1000migliawarmupaustria.at\/wp-content\/uploads\/2024\/06\/537308_ADD_0808-120x80.jpg 120w, https:\/\/1000migliawarmupaustria.at\/wp-content\/uploads\/2024\/06\/537308_ADD_0808-394x263.jpg 394w, https:\/\/1000migliawarmupaustria.at\/wp-content\/uploads\/2024\/06\/537308_ADD_0808-915x610.jpg 915w, https:\/\/1000migliawarmupaustria.at\/wp-content\/uploads\/2024\/06\/537308_ADD_0808-1240x827.jpg 1240w, https:\/\/1000migliawarmupaustria.at\/wp-content\/uploads\/2024\/06\/537308_ADD_0808-1619x1080.jpg 1619w\" sizes=\"(max-width: 2560px) 100vw, 2560px\" \/>\t\t\t\t\t\t\t\t\t\t\t\t\t\t\t<\/div>\n\t\t\t\t<\/div>\n\t\t\t\t<div class=\"elementor-element elementor-element-ca4a2c8 elementor-align-center elementor-widget elementor-widget-button\" data-id=\"ca4a2c8\" data-element_type=\"widget\" data-e-type=\"widget\" data-widget_type=\"button.default\">\n\t\t\t\t<div class=\"elementor-widget-container\">\n\t\t\t\t\t\t\t\t\t<div class=\"elementor-button-wrapper\">\n\t\t\t\t\t<a class=\"elementor-button elementor-button-link elementor-size-sm\" href=\"https:\/\/1000migliawarmupaustria.at\/iscrizione-porsche\/\">\n\t\t\t\t\t\t<span class=\"elementor-button-content-wrapper\">\n\t\t\t\t\t\t\t\t\t<span class=\"elementor-button-text\">ANMELDEN<\/span>\n\t\t\t\t\t<\/span>\n\t\t\t\t\t<\/a>\n\t\t\t\t<\/div>\n\t\t\t\t\t\t\t\t<\/div>\n\t\t\t\t<\/div>\n\t\t\t\t\t<\/div>\n\t\t<\/div>\n\t\t\t\t\t<\/div>\n\t\t<\/section>\n\t\t\t\t<\/div>\n\t\t","protected":false},"excerpt":{"rendered":"<p>Mit bis zu 20 atemberaubenden Exemplaren der kultigen Marke, die von 1977 bis heute gebaut wurden, wird die historischen Fahrzeuge der 1000 Miglia Warm Up Austria begleiten. mit bis zu 20 atemberaubenden Exemplaren der kultigen Marke, die von 1977 bis &hellip; <a href=\"https:\/\/1000migliawarmupaustria.at\/de\/porsche-challenge-2024\/\">Read More<\/a><\/p>\n","protected":false},"author":1,"featured_media":0,"parent":0,"menu_order":17,"comment_status":"closed","ping_status":"closed","template":"","meta":{"footnotes":""},"class_list":["post-6789","page","type-page","status-publish","hentry"],"_links":{"self":[{"href":"https:\/\/1000migliawarmupaustria.at\/de\/wp-json\/wp\/v2\/pages\/6789","targetHints":{"allow":["GET"]}}],"collection":[{"href":"https:\/\/1000migliawarmupaustria.at\/de\/wp-json\/wp\/v2\/pages"}],"about":[{"href":"https:\/\/1000migliawarmupaustria.at\/de\/wp-json\/wp\/v2\/types\/page"}],"author":[{"embeddable":true,"href":"https:\/\/1000migliawarmupaustria.at\/de\/wp-json\/wp\/v2\/users\/1"}],"replies":[{"embeddable":true,"href":"https:\/\/1000migliawarmupaustria.at\/de\/wp-json\/wp\/v2\/comments?post=6789"}],"version-history":[{"count":50,"href":"https:\/\/1000migliawarmupaustria.at\/de\/wp-json\/wp\/v2\/pages\/6789\/revisions"}],"predecessor-version":[{"id":13348,"href":"https:\/\/1000migliawarmupaustria.at\/de\/wp-json\/wp\/v2\/pages\/6789\/revisions\/13348"}],"wp:attachment":[{"href":"https:\/\/1000migliawarmupaustria.at\/de\/wp-json\/wp\/v2\/media?parent=6789"}],"curies":[{"name":"wp","href":"https:\/\/api.w.org\/{rel}","templated":true}]}}