{"id":7012,"date":"2024-06-19T10:15:59","date_gmt":"2024-06-19T10:15:59","guid":{"rendered":"https:\/\/1000migliawarmupaustria.at\/registrierung-porsche\/"},"modified":"2024-10-02T13:26:45","modified_gmt":"2024-10-02T13:26:45","slug":"registrierung-porsche","status":"publish","type":"page","link":"https:\/\/1000migliawarmupaustria.at\/de\/registrierung-porsche\/","title":{"rendered":"Registrierung Porsche"},"content":{"rendered":"\t\t<div data-elementor-type=\"wp-post\" data-elementor-id=\"7012\" class=\"elementor elementor-7012 elementor-6899\" data-elementor-post-type=\"page\">\n\t\t\t\t\t\t<section class=\"elementor-section elementor-top-section elementor-element elementor-element-6f86138 elementor-section-height-min-height elementor-reverse-mobile elementor-section-boxed elementor-section-height-default elementor-section-items-middle elementor-invisible\" data-id=\"6f86138\" data-element_type=\"section\" data-e-type=\"section\" data-settings=\"{&quot;background_background&quot;:&quot;classic&quot;,&quot;animation&quot;:&quot;fadeIn&quot;}\">\n\t\t\t\t\t\t<div class=\"elementor-container elementor-column-gap-default\">\n\t\t\t\t\t<div class=\"elementor-column elementor-col-100 elementor-top-column elementor-element elementor-element-4cdfa24\" data-id=\"4cdfa24\" data-element_type=\"column\" data-e-type=\"column\">\n\t\t\t<div class=\"elementor-widget-wrap\">\n\t\t\t\t\t\t\t<\/div>\n\t\t<\/div>\n\t\t\t\t\t<\/div>\n\t\t<\/section>\n\t\t\t\t<section class=\"elementor-section elementor-top-section elementor-element elementor-element-2d27638 elementor-section-height-min-height elementor-reverse-mobile elementor-section-boxed elementor-section-height-default elementor-section-items-middle elementor-invisible\" data-id=\"2d27638\" data-element_type=\"section\" data-e-type=\"section\" data-settings=\"{&quot;background_background&quot;:&quot;classic&quot;,&quot;animation&quot;:&quot;fadeIn&quot;}\">\n\t\t\t\t\t\t<div class=\"elementor-container elementor-column-gap-default\">\n\t\t\t\t\t<div class=\"elementor-column elementor-col-100 elementor-top-column elementor-element elementor-element-2c7005a\" data-id=\"2c7005a\" data-element_type=\"column\" data-e-type=\"column\">\n\t\t\t<div class=\"elementor-widget-wrap elementor-element-populated\">\n\t\t\t\t\t\t<div class=\"elementor-element elementor-element-5ec3378 elementor-widget elementor-widget-heading\" data-id=\"5ec3378\" data-element_type=\"widget\" data-e-type=\"widget\" data-widget_type=\"heading.default\">\n\t\t\t\t<div class=\"elementor-widget-container\">\n\t\t\t\t\t<h2 class=\"elementor-heading-title elementor-size-default\">TEILNAHMEGEB\u00dcHR PORSCHE CHALLENGE 1000 MIGLIA WARM UP AUSTRIA<\/h2>\t\t\t\t<\/div>\n\t\t\t\t<\/div>\n\t\t\t\t<div class=\"elementor-element elementor-element-50ca897 elementor-widget elementor-widget-text-editor\" data-id=\"50ca897\" data-element_type=\"widget\" data-e-type=\"widget\" data-widget_type=\"text-editor.default\">\n\t\t\t\t<div class=\"elementor-widget-container\">\n\t\t\t\t\t\t\t\t\t<p><span style=\"font-weight: 400;\">Die Teilnahmegeb\u00fchr beinhaltet folgende Leistungen f\u00fcr die Crew von 2 Personen:<\/span><\/p>\n<ul>\n<li style=\"font-weight: 400;\" aria-level=\"1\"><span style=\"font-weight: 400;\">n. 3 Ubernachtungen in Hotels im Luxussegment mit Fr\u00fchst\u00fcck im Doppelzimmer (26.-27.-28. September) <\/span><\/li>\n<li style=\"font-weight: 400;\" aria-level=\"1\"><span style=\"font-weight: 400;\">n. 3 Abendessen, davon ein Galadinner im Hangar-7 (26.-27.-28. September) <\/span><\/li>\n<li style=\"font-weight: 400;\" aria-level=\"1\"><span style=\"font-weight: 400;\">n. 2 Mittagessen (27.-28. September) <\/span><\/li>\n<li style=\"font-weight: 400;\" aria-level=\"1\"><span style=\"font-weight: 400;\">Kaffeepausen auf der Rennstrecke<\/span><\/li>\n<li style=\"font-weight: 400;\" aria-level=\"1\"><span style=\"font-weight: 400;\">Willkommenstasche<\/span><\/li>\n<li style=\"font-weight: 400;\" aria-level=\"1\"><span style=\"font-weight: 400;\">Roadbook und Identifikationsnummer f\u00fcr das Auto<\/span><\/li>\n<li style=\"font-weight: 400;\" aria-level=\"1\"><span style=\"font-weight: 400;\">Training am Salzburgring <\/span><\/li>\n<li style=\"font-weight: 400;\" aria-level=\"1\"><span style=\"font-weight: 400;\">Pannenhilfe<\/span><\/li>\n<\/ul>\n\t\t\t\t\t\t\t\t<\/div>\n\t\t\t\t<\/div>\n\t\t\t\t<section class=\"elementor-section elementor-inner-section elementor-element elementor-element-c6ceff0 elementor-section-full_width elementor-section-height-default elementor-section-height-default\" data-id=\"c6ceff0\" data-element_type=\"section\" data-e-type=\"section\">\n\t\t\t\t\t\t<div class=\"elementor-container elementor-column-gap-default\">\n\t\t\t\t\t<div class=\"elementor-column elementor-col-100 elementor-inner-column elementor-element elementor-element-2bfc84c\" data-id=\"2bfc84c\" data-element_type=\"column\" data-e-type=\"column\">\n\t\t\t<div class=\"elementor-widget-wrap elementor-element-populated\">\n\t\t\t\t\t\t<div class=\"elementor-element elementor-element-993a831 elementor-widget elementor-widget-text-editor\" data-id=\"993a831\" data-element_type=\"widget\" data-e-type=\"widget\" data-widget_type=\"text-editor.default\">\n\t\t\t\t<div class=\"elementor-widget-container\">\n\t\t\t\t\t\t\t\t\t<p>TEILNAHMEGEB\u00dcHREN<\/p>\n\t\t\t\t\t\t\t\t<\/div>\n\t\t\t\t<\/div>\n\t\t\t\t\t<\/div>\n\t\t<\/div>\n\t\t\t\t\t<\/div>\n\t\t<\/section>\n\t\t\t\t<section class=\"elementor-section elementor-inner-section elementor-element elementor-element-ab12185 elementor-section-full_width elementor-hidden-desktop elementor-hidden-tablet elementor-hidden-mobile elementor-section-height-default elementor-section-height-default\" data-id=\"ab12185\" data-element_type=\"section\" data-e-type=\"section\">\n\t\t\t\t\t\t<div class=\"elementor-container elementor-column-gap-default\">\n\t\t\t\t\t<div class=\"elementor-column elementor-col-50 elementor-inner-column elementor-element elementor-element-cfba4f4\" data-id=\"cfba4f4\" data-element_type=\"column\" data-e-type=\"column\">\n\t\t\t<div class=\"elementor-widget-wrap elementor-element-populated\">\n\t\t\t\t\t\t<div class=\"elementor-element elementor-element-a342e84 elementor-widget elementor-widget-text-editor\" data-id=\"a342e84\" data-element_type=\"widget\" data-e-type=\"widget\" data-widget_type=\"text-editor.default\">\n\t\t\t\t<div class=\"elementor-widget-container\">\n\t\t\t\t\t\t\t\t\t<p>\u201cEarly Booking\u201d fino al 31.05.2024<\/p>\n\t\t\t\t\t\t\t\t<\/div>\n\t\t\t\t<\/div>\n\t\t\t\t\t<\/div>\n\t\t<\/div>\n\t\t\t\t<div class=\"elementor-column elementor-col-50 elementor-inner-column elementor-element elementor-element-f3d5860\" data-id=\"f3d5860\" data-element_type=\"column\" data-e-type=\"column\">\n\t\t\t<div class=\"elementor-widget-wrap elementor-element-populated\">\n\t\t\t\t\t\t<div class=\"elementor-element elementor-element-bf80e59 elementor-widget elementor-widget-text-editor\" data-id=\"bf80e59\" data-element_type=\"widget\" data-e-type=\"widget\" data-widget_type=\"text-editor.default\">\n\t\t\t\t<div class=\"elementor-widget-container\">\n\t\t\t\t\t\t\t\t\t<p>\u20ac 6.200,00 <\/p>\n\t\t\t\t\t\t\t\t<\/div>\n\t\t\t\t<\/div>\n\t\t\t\t\t<\/div>\n\t\t<\/div>\n\t\t\t\t\t<\/div>\n\t\t<\/section>\n\t\t\t\t<section class=\"elementor-section elementor-inner-section elementor-element elementor-element-de2f21f elementor-section-full_width elementor-section-height-default elementor-section-height-default\" data-id=\"de2f21f\" data-element_type=\"section\" data-e-type=\"section\">\n\t\t\t\t\t\t<div class=\"elementor-container elementor-column-gap-default\">\n\t\t\t\t\t<div class=\"elementor-column elementor-col-50 elementor-inner-column elementor-element elementor-element-650fd8d\" data-id=\"650fd8d\" data-element_type=\"column\" data-e-type=\"column\">\n\t\t\t<div class=\"elementor-widget-wrap elementor-element-populated\">\n\t\t\t\t\t\t<div class=\"elementor-element elementor-element-6bbf11a elementor-widget elementor-widget-text-editor\" data-id=\"6bbf11a\" data-element_type=\"widget\" data-e-type=\"widget\" data-widget_type=\"text-editor.default\">\n\t\t\t\t<div class=\"elementor-widget-container\">\n\t\t\t\t\t\t\t\t\t<p>Vom 01.06.2024 bis 21.06.2024<\/p>\n\t\t\t\t\t\t\t\t<\/div>\n\t\t\t\t<\/div>\n\t\t\t\t\t<\/div>\n\t\t<\/div>\n\t\t\t\t<div class=\"elementor-column elementor-col-50 elementor-inner-column elementor-element elementor-element-07b7f07\" data-id=\"07b7f07\" data-element_type=\"column\" data-e-type=\"column\">\n\t\t\t<div class=\"elementor-widget-wrap elementor-element-populated\">\n\t\t\t\t\t\t<div class=\"elementor-element elementor-element-72a4f87 elementor-widget elementor-widget-text-editor\" data-id=\"72a4f87\" data-element_type=\"widget\" data-e-type=\"widget\" data-widget_type=\"text-editor.default\">\n\t\t\t\t<div class=\"elementor-widget-container\">\n\t\t\t\t\t\t\t\t\t<p>\u20ac 6.500,00<\/p>\n\t\t\t\t\t\t\t\t<\/div>\n\t\t\t\t<\/div>\n\t\t\t\t\t<\/div>\n\t\t<\/div>\n\t\t\t\t\t<\/div>\n\t\t<\/section>\n\t\t\t\t<section class=\"elementor-section elementor-inner-section elementor-element elementor-element-ae71126 elementor-section-full_width elementor-section-height-default elementor-section-height-default\" data-id=\"ae71126\" data-element_type=\"section\" data-e-type=\"section\">\n\t\t\t\t\t\t<div class=\"elementor-container elementor-column-gap-default\">\n\t\t\t\t\t<div class=\"elementor-column elementor-col-50 elementor-inner-column elementor-element elementor-element-65c1444\" data-id=\"65c1444\" data-element_type=\"column\" data-e-type=\"column\">\n\t\t\t<div class=\"elementor-widget-wrap elementor-element-populated\">\n\t\t\t\t\t\t<div class=\"elementor-element elementor-element-acc272c elementor-widget elementor-widget-text-editor\" data-id=\"acc272c\" data-element_type=\"widget\" data-e-type=\"widget\" data-widget_type=\"text-editor.default\">\n\t\t\t\t<div class=\"elementor-widget-container\">\n\t\t\t\t\t\t\t\t\t<p>Ab 22.06.2024<\/p>\n\t\t\t\t\t\t\t\t<\/div>\n\t\t\t\t<\/div>\n\t\t\t\t\t<\/div>\n\t\t<\/div>\n\t\t\t\t<div class=\"elementor-column elementor-col-50 elementor-inner-column elementor-element elementor-element-0488df9\" data-id=\"0488df9\" data-element_type=\"column\" data-e-type=\"column\">\n\t\t\t<div class=\"elementor-widget-wrap elementor-element-populated\">\n\t\t\t\t\t\t<div class=\"elementor-element elementor-element-9345f27 elementor-widget elementor-widget-text-editor\" data-id=\"9345f27\" data-element_type=\"widget\" data-e-type=\"widget\" data-widget_type=\"text-editor.default\">\n\t\t\t\t<div class=\"elementor-widget-container\">\n\t\t\t\t\t\t\t\t\t<p>\u20ac 6.800,00<\/p>\n\t\t\t\t\t\t\t\t<\/div>\n\t\t\t\t<\/div>\n\t\t\t\t\t<\/div>\n\t\t<\/div>\n\t\t\t\t\t<\/div>\n\t\t<\/section>\n\t\t\t\t<div class=\"elementor-element elementor-element-b37c0dd elementor-align-center elementor-widget elementor-widget-button\" data-id=\"b37c0dd\" data-element_type=\"widget\" data-e-type=\"widget\" data-widget_type=\"button.default\">\n\t\t\t\t<div class=\"elementor-widget-container\">\n\t\t\t\t\t\t\t\t\t<div class=\"elementor-button-wrapper\">\n\t\t\t\t\t<a class=\"elementor-button elementor-button-link elementor-size-sm\" href=\"https:\/\/www.endu.net\/en\/events\/1000-miglia-warm-up-austria\/\">\n\t\t\t\t\t\t<span class=\"elementor-button-content-wrapper\">\n\t\t\t\t\t\t\t\t\t<span class=\"elementor-button-text\">REGISTRIERE DICH HIER<\/span>\n\t\t\t\t\t<\/span>\n\t\t\t\t\t<\/a>\n\t\t\t\t<\/div>\n\t\t\t\t\t\t\t\t<\/div>\n\t\t\t\t<\/div>\n\t\t\t\t<div class=\"elementor-element elementor-element-b572e83 elementor-widget elementor-widget-html\" data-id=\"b572e83\" data-element_type=\"widget\" data-e-type=\"widget\" data-widget_type=\"html.default\">\n\t\t\t\t<div class=\"elementor-widget-container\">\n\t\t\t\t\t<div style=\"text-align: center; color: #fff;\">Oder f\u00fclle das&nbsp;<mark style=\"background-color: #CE232A;\"><b><a href=\"https:\/\/1000migliawarmupaustria.at\/wp-content\/uploads\/2024\/05\/SCHEDA_ISCRIZIONE_DE_OK.pdf\"><u>Anmeldeformular<\/u><\/a><\/b><\/mark>&nbsp;aus und sende es an info@301events.eu<\/div>\n\t\t\t\t<\/div>\n\t\t\t\t<\/div>\n\t\t\t\t<div class=\"elementor-element elementor-element-be3a755 elementor-widget elementor-widget-heading\" data-id=\"be3a755\" data-element_type=\"widget\" data-e-type=\"widget\" data-widget_type=\"heading.default\">\n\t\t\t\t<div class=\"elementor-widget-container\">\n\t\t\t\t\t<h2 class=\"elementor-heading-title elementor-size-default\">ZUSATZLEISTUNGEN<\/h2>\t\t\t\t<\/div>\n\t\t\t\t<\/div>\n\t\t\t\t<div class=\"elementor-element elementor-element-3b10d4a elementor-widget elementor-widget-text-editor\" data-id=\"3b10d4a\" data-element_type=\"widget\" data-e-type=\"widget\" data-widget_type=\"text-editor.default\">\n\t\t\t\t<div class=\"elementor-widget-container\">\n\t\t\t\t\t\t\t\t\t<p><span style=\"font-weight: 400;\">Die folgenden Zusatzleistungen k\u00f6nnen zus\u00e4tzlich zur Teilnahmegeb\u00fchr erworben werden:<\/span><\/p><ul><li style=\"font-weight: 400;\" aria-level=\"1\"><b>Hotelunterkunft im Einzelzimmer<\/b><span style=\"font-weight: 400;\"> \u20ac 1.600,00, umfasst die Unterbringung der Mannschaft in 2 DZA-Zimmern f\u00fcr 3 N\u00e4chte (26.-27.-28. September) *solange verf\u00fcgbar <\/span><\/li><\/ul><p><strong>Autotransport von und bis<\/strong> Padua &#8211; Verona &#8211; Brescia \u20ac 700,00<\/p><p><b>Begleitfahrzeug mit Unterkunft und Bewirtung <\/b><span style=\"font-weight: 400;\">\u20ac 5.000,00, umfasst:<\/span><\/p><ul><li style=\"font-weight: 400;\" aria-level=\"1\"><span style=\"font-weight: 400;\">n. 3 \u00dcbernachtungen f\u00fcr n. 2 Personen in einem 4-Sterne-Hotel mit Fr\u00fchst\u00fcck im Doppelzimmer (26.-27.-28. September) <\/span><\/li><li style=\"font-weight: 400;\" aria-level=\"1\"><span style=\"font-weight: 400;\">n. 3 Abendessen, darunter ein Galadinner im Hangar-7 f\u00fcr n. 2 Personen (26.-27.-28. September) <\/span><\/li><li style=\"font-weight: 400;\" aria-level=\"1\"><span style=\"font-weight: 400;\">n. 2 Mittagessen f\u00fcr n. 2 Personen (27.-28. September) <\/span><\/li><li style=\"font-weight: 400;\" aria-level=\"1\"><span style=\"font-weight: 400;\">Kaffeepausen f\u00fcr n. 2 Personen auf der Strecke<\/span><\/li><li style=\"font-weight: 400;\" aria-level=\"1\"><span style=\"font-weight: 400;\">Willkommenstasche<\/span><\/li><li style=\"font-weight: 400;\" aria-level=\"1\"><span style=\"font-weight: 400;\">Roadbook und Identifikationsnummer Begleitfahrzeug<\/span><\/li><\/ul>\t\t\t\t\t\t\t\t<\/div>\n\t\t\t\t<\/div>\n\t\t\t\t<div class=\"elementor-element elementor-element-076408a elementor-widget elementor-widget-text-editor\" data-id=\"076408a\" data-element_type=\"widget\" data-e-type=\"widget\" data-widget_type=\"text-editor.default\">\n\t\t\t\t<div class=\"elementor-widget-container\">\n\t\t\t\t\t\t\t\t\t<p><b>Begleitfahrzeug ohne Unterkunft und Bewirtung<\/b><span style=\"font-weight: 400;\"> \u20ac 500,00 umfasst<\/span><\/p><ul><li style=\"font-weight: 400;\" aria-level=\"1\"><span style=\"font-weight: 400;\">Roadbook und Identifikationsnummer Begleitfahrzeug <\/span><\/li><li style=\"font-weight: 400;\" aria-level=\"1\"><span style=\"font-weight: 400;\">Parkpl\u00e4tze in speziellen Bereichen <\/span><\/li><\/ul><p><span style=\"font-weight: 400;\">P.S. Es ist nicht m\u00f6glich, Oldtimer als Begleitfahrzeuge einzusetzen.<\/span><\/p>\t\t\t\t\t\t\t\t<\/div>\n\t\t\t\t<\/div>\n\t\t\t\t<div class=\"elementor-element elementor-element-c6d808c elementor-widget elementor-widget-text-editor\" data-id=\"c6d808c\" data-element_type=\"widget\" data-e-type=\"widget\" data-widget_type=\"text-editor.default\">\n\t\t\t\t<div class=\"elementor-widget-container\">\n\t\t\t\t\t\t\t\t\t<p><span style=\"font-weight: 400;\">Sie k\u00f6nnen auch zus\u00e4tzliche Bewirtungsleistungen erwerben, indem Sie sich direkt an unseren Kundendienst wenden:<span style=\"color: #ff0000;\"><b><a style=\"color: #ff0000;\" href=\"mailto:info@301events.eu\"> info@301events.eu<\/a><\/b><\/span> <\/span><\/p>\n\t\t\t\t\t\t\t\t<\/div>\n\t\t\t\t<\/div>\n\t\t\t\t\t<\/div>\n\t\t<\/div>\n\t\t\t\t\t<\/div>\n\t\t<\/section>\n\t\t\t\t<section class=\"elementor-section elementor-top-section elementor-element elementor-element-3a32a16 elementor-section-boxed elementor-section-height-default elementor-section-height-default\" data-id=\"3a32a16\" data-element_type=\"section\" data-e-type=\"section\" data-settings=\"{&quot;animation&quot;:&quot;none&quot;,&quot;background_background&quot;:&quot;classic&quot;}\">\n\t\t\t\t\t\t<div class=\"elementor-container elementor-column-gap-default\">\n\t\t\t\t\t<div class=\"elementor-column elementor-col-100 elementor-top-column elementor-element elementor-element-02dcf77\" data-id=\"02dcf77\" data-element_type=\"column\" data-e-type=\"column\">\n\t\t\t<div class=\"elementor-widget-wrap elementor-element-populated\">\n\t\t\t\t\t\t<section class=\"elementor-section elementor-inner-section elementor-element elementor-element-dd76162 elementor-section-boxed elementor-section-height-default elementor-section-height-default\" data-id=\"dd76162\" data-element_type=\"section\" data-e-type=\"section\">\n\t\t\t\t\t\t<div class=\"elementor-container elementor-column-gap-default\">\n\t\t\t\t\t<div class=\"elementor-column elementor-col-100 elementor-inner-column elementor-element elementor-element-bbba7f5\" data-id=\"bbba7f5\" data-element_type=\"column\" data-e-type=\"column\" data-settings=\"{&quot;background_background&quot;:&quot;classic&quot;}\">\n\t\t\t<div class=\"elementor-widget-wrap elementor-element-populated\">\n\t\t\t\t\t\t<div class=\"elementor-element elementor-element-dab602b elementor-position-left elementor-vertical-align-middle elementor-widget elementor-widget-image-box\" data-id=\"dab602b\" data-element_type=\"widget\" data-e-type=\"widget\" data-widget_type=\"image-box.default\">\n\t\t\t\t<div class=\"elementor-widget-container\">\n\t\t\t\t\t<div class=\"elementor-image-box-wrapper\"><figure class=\"elementor-image-box-img\"><img fetchpriority=\"high\" decoding=\"async\" width=\"1133\" height=\"1416\" src=\"https:\/\/1000migliawarmupaustria.at\/wp-content\/uploads\/2024\/10\/Prosche-challange-2.jpg\" class=\"attachment-full size-full wp-image-9878\" alt=\"\" srcset=\"https:\/\/1000migliawarmupaustria.at\/wp-content\/uploads\/2024\/10\/Prosche-challange-2.jpg 1133w, https:\/\/1000migliawarmupaustria.at\/wp-content\/uploads\/2024\/10\/Prosche-challange-2-240x300.jpg 240w, https:\/\/1000migliawarmupaustria.at\/wp-content\/uploads\/2024\/10\/Prosche-challange-2-819x1024.jpg 819w, https:\/\/1000migliawarmupaustria.at\/wp-content\/uploads\/2024\/10\/Prosche-challange-2-768x960.jpg 768w, https:\/\/1000migliawarmupaustria.at\/wp-content\/uploads\/2024\/10\/Prosche-challange-2-52x65.jpg 52w, https:\/\/1000migliawarmupaustria.at\/wp-content\/uploads\/2024\/10\/Prosche-challange-2-64x80.jpg 64w, https:\/\/1000migliawarmupaustria.at\/wp-content\/uploads\/2024\/10\/Prosche-challange-2-242x303.jpg 242w, https:\/\/1000migliawarmupaustria.at\/wp-content\/uploads\/2024\/10\/Prosche-challange-2-560x700.jpg 560w, https:\/\/1000migliawarmupaustria.at\/wp-content\/uploads\/2024\/10\/Prosche-challange-2-760x950.jpg 760w, https:\/\/1000migliawarmupaustria.at\/wp-content\/uploads\/2024\/10\/Prosche-challange-2-864x1080.jpg 864w\" sizes=\"(max-width: 1133px) 100vw, 1133px\" \/><\/figure><div class=\"elementor-image-box-content\"><h3 class=\"elementor-image-box-title\">ZUL\u00c4SSIGE FAHRZEUGE<\/h3><p class=\"elementor-image-box-description\">Es sind maximal 20 Fahrzeuge der Marke PORSCHE zugelassen, die von 1977 bis heute hergestellt wurden. Die Fahrzeuge m\u00fcssen mit Stra\u00dfenreifen ausgestattet sein, Wettbewerbsreifen sind nicht erlaubt.<\/p><\/div><\/div>\t\t\t\t<\/div>\n\t\t\t\t<\/div>\n\t\t\t\t\t<\/div>\n\t\t<\/div>\n\t\t\t\t\t<\/div>\n\t\t<\/section>\n\t\t\t\t\t<\/div>\n\t\t<\/div>\n\t\t\t\t\t<\/div>\n\t\t<\/section>\n\t\t\t\t<\/div>\n\t\t","protected":false},"excerpt":{"rendered":"<p>TEILNAHMEGEB\u00dcHR PORSCHE CHALLENGE 1000 MIGLIA WARM UP AUSTRIA Die Teilnahmegeb\u00fchr beinhaltet folgende Leistungen f\u00fcr die Crew von 2 Personen: n. 3 Ubernachtungen in Hotels im Luxussegment mit Fr\u00fchst\u00fcck im Doppelzimmer (26.-27.-28. September) n. 3 Abendessen, davon ein Galadinner im Hangar-7 &hellip; <a href=\"https:\/\/1000migliawarmupaustria.at\/de\/registrierung-porsche\/\">Read More<\/a><\/p>\n","protected":false},"author":1,"featured_media":0,"parent":0,"menu_order":20,"comment_status":"closed","ping_status":"closed","template":"","meta":{"footnotes":""},"class_list":["post-7012","page","type-page","status-publish","hentry"],"_links":{"self":[{"href":"https:\/\/1000migliawarmupaustria.at\/de\/wp-json\/wp\/v2\/pages\/7012","targetHints":{"allow":["GET"]}}],"collection":[{"href":"https:\/\/1000migliawarmupaustria.at\/de\/wp-json\/wp\/v2\/pages"}],"about":[{"href":"https:\/\/1000migliawarmupaustria.at\/de\/wp-json\/wp\/v2\/types\/page"}],"author":[{"embeddable":true,"href":"https:\/\/1000migliawarmupaustria.at\/de\/wp-json\/wp\/v2\/users\/1"}],"replies":[{"embeddable":true,"href":"https:\/\/1000migliawarmupaustria.at\/de\/wp-json\/wp\/v2\/comments?post=7012"}],"version-history":[{"count":36,"href":"https:\/\/1000migliawarmupaustria.at\/de\/wp-json\/wp\/v2\/pages\/7012\/revisions"}],"predecessor-version":[{"id":9881,"href":"https:\/\/1000migliawarmupaustria.at\/de\/wp-json\/wp\/v2\/pages\/7012\/revisions\/9881"}],"wp:attachment":[{"href":"https:\/\/1000migliawarmupaustria.at\/de\/wp-json\/wp\/v2\/media?parent=7012"}],"curies":[{"name":"wp","href":"https:\/\/api.w.org\/{rel}","templated":true}]}}