{"id":7033,"date":"2024-06-19T13:33:34","date_gmt":"2024-06-19T13:33:34","guid":{"rendered":"https:\/\/1000migliawarmupaustria.at\/informationen-porsche\/"},"modified":"2024-06-24T12:05:26","modified_gmt":"2024-06-24T12:05:26","slug":"informationen-porsche","status":"publish","type":"page","link":"https:\/\/1000migliawarmupaustria.at\/de\/informationen-porsche\/","title":{"rendered":"Informationen Porsche"},"content":{"rendered":"\t\t<div data-elementor-type=\"wp-post\" data-elementor-id=\"7033\" class=\"elementor elementor-7033 elementor-6913\" data-elementor-post-type=\"page\">\n\t\t\t\t\t\t<section class=\"elementor-section elementor-top-section elementor-element elementor-element-4414852c elementor-section-height-min-height elementor-section-boxed elementor-section-height-default elementor-section-items-middle\" data-id=\"4414852c\" data-element_type=\"section\" data-e-type=\"section\" data-settings=\"{&quot;background_background&quot;:&quot;classic&quot;}\">\n\t\t\t\t\t\t<div class=\"elementor-container elementor-column-gap-default\">\n\t\t\t\t\t<div class=\"elementor-column elementor-col-100 elementor-top-column elementor-element elementor-element-1338fa1f\" data-id=\"1338fa1f\" data-element_type=\"column\" data-e-type=\"column\" data-settings=\"{&quot;background_background&quot;:&quot;classic&quot;}\">\n\t\t\t<div class=\"elementor-widget-wrap elementor-element-populated\">\n\t\t\t\t\t\t<div class=\"elementor-element elementor-element-3adf8817 elementor-widget elementor-widget-spacer\" data-id=\"3adf8817\" data-element_type=\"widget\" data-e-type=\"widget\" data-widget_type=\"spacer.default\">\n\t\t\t\t<div class=\"elementor-widget-container\">\n\t\t\t\t\t\t\t<div class=\"elementor-spacer\">\n\t\t\t<div class=\"elementor-spacer-inner\"><\/div>\n\t\t<\/div>\n\t\t\t\t\t\t<\/div>\n\t\t\t\t<\/div>\n\t\t\t\t<div class=\"elementor-element elementor-element-710ededc elementor-widget elementor-widget-spacer\" data-id=\"710ededc\" data-element_type=\"widget\" data-e-type=\"widget\" data-widget_type=\"spacer.default\">\n\t\t\t\t<div class=\"elementor-widget-container\">\n\t\t\t\t\t\t\t<div class=\"elementor-spacer\">\n\t\t\t<div class=\"elementor-spacer-inner\"><\/div>\n\t\t<\/div>\n\t\t\t\t\t\t<\/div>\n\t\t\t\t<\/div>\n\t\t\t\t<div class=\"elementor-element elementor-element-3261098a elementor-view-default elementor-position-top elementor-widget elementor-widget-themo-header\" data-id=\"3261098a\" data-element_type=\"widget\" data-e-type=\"widget\" data-widget_type=\"themo-header.default\">\n\t\t\t\t<div class=\"elementor-widget-container\">\n\t\t\t\t\t\t\t<div class=\"th-header-wrap\">\n        <div class=\"elementor-icon-box-wrapper \">\n                            <div class=\"elementor-icon-box-content\">\n                    <h1 class=\"elementor-icon-box-title\">\n                        INFORMATIONEN F\u00dcR TEILNEHMER                    <\/h1>\n                                        <p class=\"elementor-icon-box-description\"><\/p>\n\n                                    <\/div>\n            <\/div>\n\n        <\/div>\n\n\t\t\t\t\t\t<\/div>\n\t\t\t\t<\/div>\n\t\t\t\t<div class=\"elementor-element elementor-element-2c8c5f1e elementor-widget elementor-widget-spacer\" data-id=\"2c8c5f1e\" data-element_type=\"widget\" data-e-type=\"widget\" data-widget_type=\"spacer.default\">\n\t\t\t\t<div class=\"elementor-widget-container\">\n\t\t\t\t\t\t\t<div class=\"elementor-spacer\">\n\t\t\t<div class=\"elementor-spacer-inner\"><\/div>\n\t\t<\/div>\n\t\t\t\t\t\t<\/div>\n\t\t\t\t<\/div>\n\t\t\t\t\t<\/div>\n\t\t<\/div>\n\t\t\t\t\t<\/div>\n\t\t<\/section>\n\t\t\t\t<section class=\"elementor-section elementor-top-section elementor-element elementor-element-f3b53ed elementor-section-height-min-height elementor-reverse-mobile elementor-section-boxed elementor-section-height-default elementor-section-items-middle\" data-id=\"f3b53ed\" data-element_type=\"section\" data-e-type=\"section\" data-settings=\"{&quot;background_background&quot;:&quot;classic&quot;,&quot;animation&quot;:&quot;none&quot;}\">\n\t\t\t\t\t\t<div class=\"elementor-container elementor-column-gap-default\">\n\t\t\t\t\t<div class=\"elementor-column elementor-col-100 elementor-top-column elementor-element elementor-element-58bbe69\" data-id=\"58bbe69\" data-element_type=\"column\" data-e-type=\"column\">\n\t\t\t<div class=\"elementor-widget-wrap elementor-element-populated\">\n\t\t\t\t\t\t<div class=\"elementor-element elementor-element-04941b5 animated-slow elementor-invisible elementor-widget elementor-widget-heading\" data-id=\"04941b5\" data-element_type=\"widget\" data-e-type=\"widget\" data-settings=\"{&quot;_animation&quot;:&quot;fadeIn&quot;}\" data-widget_type=\"heading.default\">\n\t\t\t\t<div class=\"elementor-widget-container\">\n\t\t\t\t\t<h2 class=\"elementor-heading-title elementor-size-default\">TEILNAHMEGEB\u00dcHR PORSCHE CHALLENGE 1000 MIGLIA WARM UP AUSTRIA<\/h2>\t\t\t\t<\/div>\n\t\t\t\t<\/div>\n\t\t\t\t<div class=\"elementor-element elementor-element-86c473b elementor-widget elementor-widget-text-editor\" data-id=\"86c473b\" data-element_type=\"widget\" data-e-type=\"widget\" data-widget_type=\"text-editor.default\">\n\t\t\t\t<div class=\"elementor-widget-container\">\n\t\t\t\t\t\t\t\t\t<p><span style=\"font-weight: 400;\">Die Teilnahmegeb\u00fchr beinhaltet folgende Leistungen f\u00fcr die Crew von 2 Personen:<\/span><\/p>\n<ul>\n<li style=\"font-weight: 400;\" aria-level=\"1\"><span style=\"font-weight: 400;\">n. 3 Ubernachtungen in Hotels im Luxussegment mit Fr\u00fchst\u00fcck im Doppelzimmer (26.-27.-28. September) <\/span><\/li>\n<li style=\"font-weight: 400;\" aria-level=\"1\"><span style=\"font-weight: 400;\">n. 3 Abendessen, davon ein Galadinner im Hangar-7 (26.-27.-28. September) <\/span><\/li>\n<li style=\"font-weight: 400;\" aria-level=\"1\"><span style=\"font-weight: 400;\">n. 2 Mittagessen (27.-28. September) <\/span><\/li>\n<li style=\"font-weight: 400;\" aria-level=\"1\"><span style=\"font-weight: 400;\">Kaffeepausen auf der Rennstrecke<\/span><\/li>\n<li style=\"font-weight: 400;\" aria-level=\"1\"><span style=\"font-weight: 400;\">Willkommenstasche<\/span><\/li>\n<li style=\"font-weight: 400;\" aria-level=\"1\"><span style=\"font-weight: 400;\">Roadbook und Identifikationsnummer f\u00fcr das Auto<\/span><\/li>\n<li style=\"font-weight: 400;\" aria-level=\"1\"><span style=\"font-weight: 400;\">Training am Salzburgring <\/span><\/li>\n<li style=\"font-weight: 400;\" aria-level=\"1\"><span style=\"font-weight: 400;\">Pannenhilfe<\/span><\/li>\n<\/ul>\n\t\t\t\t\t\t\t\t<\/div>\n\t\t\t\t<\/div>\n\t\t\t\t<section class=\"elementor-section elementor-inner-section elementor-element elementor-element-507b69a elementor-section-full_width elementor-section-height-default elementor-section-height-default\" data-id=\"507b69a\" data-element_type=\"section\" data-e-type=\"section\">\n\t\t\t\t\t\t<div class=\"elementor-container elementor-column-gap-default\">\n\t\t\t\t\t<div class=\"elementor-column elementor-col-100 elementor-inner-column elementor-element elementor-element-b7496ac\" data-id=\"b7496ac\" data-element_type=\"column\" data-e-type=\"column\">\n\t\t\t<div class=\"elementor-widget-wrap elementor-element-populated\">\n\t\t\t\t\t\t<div class=\"elementor-element elementor-element-a7d9328 elementor-widget elementor-widget-text-editor\" data-id=\"a7d9328\" data-element_type=\"widget\" data-e-type=\"widget\" data-widget_type=\"text-editor.default\">\n\t\t\t\t<div class=\"elementor-widget-container\">\n\t\t\t\t\t\t\t\t\t<p>TEILNAHMEGEB\u00dcHREN<\/p>\n\t\t\t\t\t\t\t\t<\/div>\n\t\t\t\t<\/div>\n\t\t\t\t\t<\/div>\n\t\t<\/div>\n\t\t\t\t\t<\/div>\n\t\t<\/section>\n\t\t\t\t<section class=\"elementor-section elementor-inner-section elementor-element elementor-element-b044674 elementor-section-full_width elementor-hidden-desktop elementor-hidden-tablet elementor-hidden-mobile elementor-section-height-default elementor-section-height-default\" data-id=\"b044674\" data-element_type=\"section\" data-e-type=\"section\">\n\t\t\t\t\t\t<div class=\"elementor-container elementor-column-gap-default\">\n\t\t\t\t\t<div class=\"elementor-column elementor-col-50 elementor-inner-column elementor-element elementor-element-b29eaf4\" data-id=\"b29eaf4\" data-element_type=\"column\" data-e-type=\"column\">\n\t\t\t<div class=\"elementor-widget-wrap elementor-element-populated\">\n\t\t\t\t\t\t<div class=\"elementor-element elementor-element-1b99483 elementor-widget elementor-widget-text-editor\" data-id=\"1b99483\" data-element_type=\"widget\" data-e-type=\"widget\" data-widget_type=\"text-editor.default\">\n\t\t\t\t<div class=\"elementor-widget-container\">\n\t\t\t\t\t\t\t\t\t<p>\u201cEarly Booking\u201d fino al 31.05.2024<\/p>\n\t\t\t\t\t\t\t\t<\/div>\n\t\t\t\t<\/div>\n\t\t\t\t\t<\/div>\n\t\t<\/div>\n\t\t\t\t<div class=\"elementor-column elementor-col-50 elementor-inner-column elementor-element elementor-element-6b0f958\" data-id=\"6b0f958\" data-element_type=\"column\" data-e-type=\"column\">\n\t\t\t<div class=\"elementor-widget-wrap elementor-element-populated\">\n\t\t\t\t\t\t<div class=\"elementor-element elementor-element-bf2d899 elementor-widget elementor-widget-text-editor\" data-id=\"bf2d899\" data-element_type=\"widget\" data-e-type=\"widget\" data-widget_type=\"text-editor.default\">\n\t\t\t\t<div class=\"elementor-widget-container\">\n\t\t\t\t\t\t\t\t\t<p>\u20ac 6.200,00 <\/p>\n\t\t\t\t\t\t\t\t<\/div>\n\t\t\t\t<\/div>\n\t\t\t\t\t<\/div>\n\t\t<\/div>\n\t\t\t\t\t<\/div>\n\t\t<\/section>\n\t\t\t\t<section class=\"elementor-section elementor-inner-section elementor-element elementor-element-ed3d047 elementor-section-full_width elementor-section-height-default elementor-section-height-default\" data-id=\"ed3d047\" data-element_type=\"section\" data-e-type=\"section\">\n\t\t\t\t\t\t<div class=\"elementor-container elementor-column-gap-default\">\n\t\t\t\t\t<div class=\"elementor-column elementor-col-50 elementor-inner-column elementor-element elementor-element-a747ede\" data-id=\"a747ede\" data-element_type=\"column\" data-e-type=\"column\">\n\t\t\t<div class=\"elementor-widget-wrap elementor-element-populated\">\n\t\t\t\t\t\t<div class=\"elementor-element elementor-element-e793695 elementor-widget elementor-widget-text-editor\" data-id=\"e793695\" data-element_type=\"widget\" data-e-type=\"widget\" data-widget_type=\"text-editor.default\">\n\t\t\t\t<div class=\"elementor-widget-container\">\n\t\t\t\t\t\t\t\t\t<p>Vom 01.06.2024 bis 21.06.2024<\/p>\n\t\t\t\t\t\t\t\t<\/div>\n\t\t\t\t<\/div>\n\t\t\t\t\t<\/div>\n\t\t<\/div>\n\t\t\t\t<div class=\"elementor-column elementor-col-50 elementor-inner-column elementor-element elementor-element-8ce5dd9\" data-id=\"8ce5dd9\" data-element_type=\"column\" data-e-type=\"column\">\n\t\t\t<div class=\"elementor-widget-wrap elementor-element-populated\">\n\t\t\t\t\t\t<div class=\"elementor-element elementor-element-30b670b elementor-widget elementor-widget-text-editor\" data-id=\"30b670b\" data-element_type=\"widget\" data-e-type=\"widget\" data-widget_type=\"text-editor.default\">\n\t\t\t\t<div class=\"elementor-widget-container\">\n\t\t\t\t\t\t\t\t\t<p>\u20ac 6.500,00<\/p>\n\t\t\t\t\t\t\t\t<\/div>\n\t\t\t\t<\/div>\n\t\t\t\t\t<\/div>\n\t\t<\/div>\n\t\t\t\t\t<\/div>\n\t\t<\/section>\n\t\t\t\t<section class=\"elementor-section elementor-inner-section elementor-element elementor-element-3fa1770 elementor-section-full_width elementor-section-height-default elementor-section-height-default\" data-id=\"3fa1770\" data-element_type=\"section\" data-e-type=\"section\">\n\t\t\t\t\t\t<div class=\"elementor-container elementor-column-gap-default\">\n\t\t\t\t\t<div class=\"elementor-column elementor-col-50 elementor-inner-column elementor-element elementor-element-1437563\" data-id=\"1437563\" data-element_type=\"column\" data-e-type=\"column\">\n\t\t\t<div class=\"elementor-widget-wrap elementor-element-populated\">\n\t\t\t\t\t\t<div class=\"elementor-element elementor-element-c6a5f3d elementor-widget elementor-widget-text-editor\" data-id=\"c6a5f3d\" data-element_type=\"widget\" data-e-type=\"widget\" data-widget_type=\"text-editor.default\">\n\t\t\t\t<div class=\"elementor-widget-container\">\n\t\t\t\t\t\t\t\t\t<p>Ab 22.06.2024<\/p>\n\t\t\t\t\t\t\t\t<\/div>\n\t\t\t\t<\/div>\n\t\t\t\t\t<\/div>\n\t\t<\/div>\n\t\t\t\t<div class=\"elementor-column elementor-col-50 elementor-inner-column elementor-element elementor-element-ab8ec6f\" data-id=\"ab8ec6f\" data-element_type=\"column\" data-e-type=\"column\">\n\t\t\t<div class=\"elementor-widget-wrap elementor-element-populated\">\n\t\t\t\t\t\t<div class=\"elementor-element elementor-element-8fa8b3c elementor-widget elementor-widget-text-editor\" data-id=\"8fa8b3c\" data-element_type=\"widget\" data-e-type=\"widget\" data-widget_type=\"text-editor.default\">\n\t\t\t\t<div class=\"elementor-widget-container\">\n\t\t\t\t\t\t\t\t\t<p>\u20ac 6.800,00<\/p>\n\t\t\t\t\t\t\t\t<\/div>\n\t\t\t\t<\/div>\n\t\t\t\t\t<\/div>\n\t\t<\/div>\n\t\t\t\t\t<\/div>\n\t\t<\/section>\n\t\t\t\t<div class=\"elementor-element elementor-element-8c757ef elementor-align-center elementor-widget elementor-widget-button\" data-id=\"8c757ef\" data-element_type=\"widget\" data-e-type=\"widget\" data-widget_type=\"button.default\">\n\t\t\t\t<div class=\"elementor-widget-container\">\n\t\t\t\t\t\t\t\t\t<div class=\"elementor-button-wrapper\">\n\t\t\t\t\t<a class=\"elementor-button elementor-button-link elementor-size-sm\" href=\"https:\/\/www.endu.net\/en\/events\/1000-miglia-warm-up-austria\/\">\n\t\t\t\t\t\t<span class=\"elementor-button-content-wrapper\">\n\t\t\t\t\t\t\t\t\t<span class=\"elementor-button-text\">REGISTRIERE DICH HIER<\/span>\n\t\t\t\t\t<\/span>\n\t\t\t\t\t<\/a>\n\t\t\t\t<\/div>\n\t\t\t\t\t\t\t\t<\/div>\n\t\t\t\t<\/div>\n\t\t\t\t<div class=\"elementor-element elementor-element-b636808 elementor-widget elementor-widget-html\" data-id=\"b636808\" data-element_type=\"widget\" data-e-type=\"widget\" data-widget_type=\"html.default\">\n\t\t\t\t<div class=\"elementor-widget-container\">\n\t\t\t\t\t<div style=\"text-align: center; color: #fff;\">Oder f\u00fclle das&nbsp;<mark style=\"background-color: #CE232A;\"><b><a href=\"https:\/\/1000migliawarmupaustria.at\/wp-content\/uploads\/2024\/05\/SCHEDA_ISCRIZIONE_DE_OK.pdf\"><u>Anmeldeformular<\/u><\/a><\/b><\/mark>&nbsp;aus und sende es an info@301events.eu<\/div>\n\t\t\t\t<\/div>\n\t\t\t\t<\/div>\n\t\t\t\t<div class=\"elementor-element elementor-element-29b21e2 elementor-widget elementor-widget-heading\" data-id=\"29b21e2\" data-element_type=\"widget\" data-e-type=\"widget\" data-widget_type=\"heading.default\">\n\t\t\t\t<div class=\"elementor-widget-container\">\n\t\t\t\t\t<h2 class=\"elementor-heading-title elementor-size-default\">ZUSATZLEISTUNGEN<\/h2>\t\t\t\t<\/div>\n\t\t\t\t<\/div>\n\t\t\t\t<div class=\"elementor-element elementor-element-61743bf elementor-widget elementor-widget-text-editor\" data-id=\"61743bf\" data-element_type=\"widget\" data-e-type=\"widget\" data-widget_type=\"text-editor.default\">\n\t\t\t\t<div class=\"elementor-widget-container\">\n\t\t\t\t\t\t\t\t\t<p><span style=\"font-weight: 400;\">Die folgenden Zusatzleistungen k\u00f6nnen zus\u00e4tzlich zur Teilnahmegeb\u00fchr erworben werden:<\/span><\/p><ul><li style=\"font-weight: 400;\" aria-level=\"1\"><b>Hotelunterkunft im Einzelzimmer<\/b><span style=\"font-weight: 400;\"> \u20ac 1.600,00, umfasst die Unterbringung der Mannschaft in 2 DZA-Zimmern f\u00fcr 3 N\u00e4chte (26.-27.-28. September) *solange verf\u00fcgbar <\/span><\/li><\/ul><p><strong>Autotransport von und bis<\/strong> Padua &#8211; Verona &#8211; Brescia \u20ac 700,00<\/p><p><b>Begleitfahrzeug mit Unterkunft und Bewirtung <\/b><span style=\"font-weight: 400;\">\u20ac 5.000,00, umfasst:<\/span><\/p><ul><li style=\"font-weight: 400;\" aria-level=\"1\"><span style=\"font-weight: 400;\">n. 3 \u00dcbernachtungen f\u00fcr n. 2 Personen in einem 4-Sterne-Hotel mit Fr\u00fchst\u00fcck im Doppelzimmer (26.-27.-28. September) <\/span><\/li><li style=\"font-weight: 400;\" aria-level=\"1\"><span style=\"font-weight: 400;\">n. 3 Abendessen, darunter ein Galadinner im Hangar-7 f\u00fcr n. 2 Personen (26.-27.-28. September) <\/span><\/li><li style=\"font-weight: 400;\" aria-level=\"1\"><span style=\"font-weight: 400;\">n. 2 Mittagessen f\u00fcr n. 2 Personen (27.-28. September) <\/span><\/li><li style=\"font-weight: 400;\" aria-level=\"1\"><span style=\"font-weight: 400;\">Kaffeepausen f\u00fcr n. 2 Personen auf der Strecke<\/span><\/li><li style=\"font-weight: 400;\" aria-level=\"1\"><span style=\"font-weight: 400;\">Willkommenstasche<\/span><\/li><li style=\"font-weight: 400;\" aria-level=\"1\"><span style=\"font-weight: 400;\">Roadbook und Identifikationsnummer Begleitfahrzeug<\/span><\/li><\/ul>\t\t\t\t\t\t\t\t<\/div>\n\t\t\t\t<\/div>\n\t\t\t\t<div class=\"elementor-element elementor-element-c3ee179 elementor-widget elementor-widget-text-editor\" data-id=\"c3ee179\" data-element_type=\"widget\" data-e-type=\"widget\" data-widget_type=\"text-editor.default\">\n\t\t\t\t<div class=\"elementor-widget-container\">\n\t\t\t\t\t\t\t\t\t<p><b>Begleitfahrzeug ohne Unterkunft und Bewirtung<\/b><span style=\"font-weight: 400;\"> \u20ac 500,00 umfasst<\/span><\/p><ul><li style=\"font-weight: 400;\" aria-level=\"1\"><span style=\"font-weight: 400;\">Roadbook und Identifikationsnummer Begleitfahrzeug <\/span><\/li><li style=\"font-weight: 400;\" aria-level=\"1\"><span style=\"font-weight: 400;\">Parkpl\u00e4tze in speziellen Bereichen <\/span><\/li><\/ul><p><span style=\"font-weight: 400;\">P.S. Es ist nicht m\u00f6glich, Oldtimer als Begleitfahrzeuge einzusetzen.<\/span><\/p>\t\t\t\t\t\t\t\t<\/div>\n\t\t\t\t<\/div>\n\t\t\t\t<div class=\"elementor-element elementor-element-ee73f94 elementor-widget elementor-widget-text-editor\" data-id=\"ee73f94\" data-element_type=\"widget\" data-e-type=\"widget\" data-widget_type=\"text-editor.default\">\n\t\t\t\t<div class=\"elementor-widget-container\">\n\t\t\t\t\t\t\t\t\t<p><span style=\"font-weight: 400;\">Sie k\u00f6nnen auch zus\u00e4tzliche Bewirtungsleistungen erwerben, indem Sie sich direkt an unseren Kundendienst wenden:<span style=\"color: #ff0000;\"><b><a style=\"color: #ff0000;\" href=\"mailto:info@301events.eu\"> info@301events.eu<\/a><\/b><\/span> <\/span><\/p>\n\t\t\t\t\t\t\t\t<\/div>\n\t\t\t\t<\/div>\n\t\t\t\t\t<\/div>\n\t\t<\/div>\n\t\t\t\t\t<\/div>\n\t\t<\/section>\n\t\t\t\t<section class=\"elementor-section elementor-top-section elementor-element elementor-element-bc027cd elementor-section-boxed elementor-section-height-default elementor-section-height-default\" data-id=\"bc027cd\" data-element_type=\"section\" data-e-type=\"section\" data-settings=\"{&quot;animation&quot;:&quot;none&quot;,&quot;background_background&quot;:&quot;classic&quot;}\">\n\t\t\t\t\t\t<div class=\"elementor-container elementor-column-gap-default\">\n\t\t\t\t\t<div class=\"elementor-column elementor-col-100 elementor-top-column elementor-element elementor-element-547ecf6\" data-id=\"547ecf6\" data-element_type=\"column\" data-e-type=\"column\">\n\t\t\t<div class=\"elementor-widget-wrap elementor-element-populated\">\n\t\t\t\t\t\t<section class=\"elementor-section elementor-inner-section elementor-element elementor-element-4b74274 elementor-section-boxed elementor-section-height-default elementor-section-height-default\" data-id=\"4b74274\" data-element_type=\"section\" data-e-type=\"section\">\n\t\t\t\t\t\t<div class=\"elementor-container elementor-column-gap-default\">\n\t\t\t\t\t<div class=\"elementor-column elementor-col-100 elementor-inner-column elementor-element elementor-element-159d181\" data-id=\"159d181\" data-element_type=\"column\" data-e-type=\"column\" data-settings=\"{&quot;background_background&quot;:&quot;classic&quot;}\">\n\t\t\t<div class=\"elementor-widget-wrap elementor-element-populated\">\n\t\t\t\t\t\t<div class=\"elementor-element elementor-element-28d2a4e elementor-position-left elementor-vertical-align-middle elementor-widget elementor-widget-image-box\" data-id=\"28d2a4e\" data-element_type=\"widget\" data-e-type=\"widget\" data-widget_type=\"image-box.default\">\n\t\t\t\t<div class=\"elementor-widget-container\">\n\t\t\t\t\t<div class=\"elementor-image-box-wrapper\"><figure class=\"elementor-image-box-img\"><img fetchpriority=\"high\" decoding=\"async\" width=\"2048\" height=\"2560\" src=\"https:\/\/1000migliawarmupaustria.at\/wp-content\/uploads\/2024\/06\/494584_Broomall-Barrow_Porsche911_Carrera_Targa_1984-scaled.jpg\" class=\"attachment-full size-full wp-image-6740\" alt=\"\" srcset=\"https:\/\/1000migliawarmupaustria.at\/wp-content\/uploads\/2024\/06\/494584_Broomall-Barrow_Porsche911_Carrera_Targa_1984-scaled.jpg 2048w, https:\/\/1000migliawarmupaustria.at\/wp-content\/uploads\/2024\/06\/494584_Broomall-Barrow_Porsche911_Carrera_Targa_1984-240x300.jpg 240w, https:\/\/1000migliawarmupaustria.at\/wp-content\/uploads\/2024\/06\/494584_Broomall-Barrow_Porsche911_Carrera_Targa_1984-819x1024.jpg 819w, https:\/\/1000migliawarmupaustria.at\/wp-content\/uploads\/2024\/06\/494584_Broomall-Barrow_Porsche911_Carrera_Targa_1984-768x960.jpg 768w, https:\/\/1000migliawarmupaustria.at\/wp-content\/uploads\/2024\/06\/494584_Broomall-Barrow_Porsche911_Carrera_Targa_1984-1229x1536.jpg 1229w, https:\/\/1000migliawarmupaustria.at\/wp-content\/uploads\/2024\/06\/494584_Broomall-Barrow_Porsche911_Carrera_Targa_1984-1638x2048.jpg 1638w, https:\/\/1000migliawarmupaustria.at\/wp-content\/uploads\/2024\/06\/494584_Broomall-Barrow_Porsche911_Carrera_Targa_1984-80x100.jpg 80w, https:\/\/1000migliawarmupaustria.at\/wp-content\/uploads\/2024\/06\/494584_Broomall-Barrow_Porsche911_Carrera_Targa_1984-64x80.jpg 64w, https:\/\/1000migliawarmupaustria.at\/wp-content\/uploads\/2024\/06\/494584_Broomall-Barrow_Porsche911_Carrera_Targa_1984-242x303.jpg 242w, https:\/\/1000migliawarmupaustria.at\/wp-content\/uploads\/2024\/06\/494584_Broomall-Barrow_Porsche911_Carrera_Targa_1984-560x700.jpg 560w, https:\/\/1000migliawarmupaustria.at\/wp-content\/uploads\/2024\/06\/494584_Broomall-Barrow_Porsche911_Carrera_Targa_1984-760x950.jpg 760w, https:\/\/1000migliawarmupaustria.at\/wp-content\/uploads\/2024\/06\/494584_Broomall-Barrow_Porsche911_Carrera_Targa_1984-864x1080.jpg 864w\" sizes=\"(max-width: 2048px) 100vw, 2048px\" \/><\/figure><div class=\"elementor-image-box-content\"><h3 class=\"elementor-image-box-title\">ZUL\u00c4SSIGE FAHRZEUGE<\/h3><p class=\"elementor-image-box-description\">Es sind maximal 20 Fahrzeuge der Marke PORSCHE zugelassen, die von 1977 bis heute hergestellt wurden. Die Fahrzeuge m\u00fcssen mit Stra\u00dfenreifen ausgestattet sein, Wettbewerbsreifen sind nicht erlaubt.<\/p><\/div><\/div>\t\t\t\t<\/div>\n\t\t\t\t<\/div>\n\t\t\t\t\t<\/div>\n\t\t<\/div>\n\t\t\t\t\t<\/div>\n\t\t<\/section>\n\t\t\t\t\t<\/div>\n\t\t<\/div>\n\t\t\t\t\t<\/div>\n\t\t<\/section>\n\t\t\t\t<\/div>\n\t\t","protected":false},"excerpt":{"rendered":"<p>INFORMATIONEN F\u00dcR TEILNEHMER TEILNAHMEGEB\u00dcHR PORSCHE CHALLENGE 1000 MIGLIA WARM UP AUSTRIA Die Teilnahmegeb\u00fchr beinhaltet folgende Leistungen f\u00fcr die Crew von 2 Personen: n. 3 Ubernachtungen in Hotels im Luxussegment mit Fr\u00fchst\u00fcck im Doppelzimmer (26.-27.-28. September) n. 3 Abendessen, davon ein &hellip; <a href=\"https:\/\/1000migliawarmupaustria.at\/de\/informationen-porsche\/\">Read More<\/a><\/p>\n","protected":false},"author":1,"featured_media":0,"parent":0,"menu_order":25,"comment_status":"closed","ping_status":"closed","template":"","meta":{"footnotes":""},"class_list":["post-7033","page","type-page","status-publish","hentry"],"_links":{"self":[{"href":"https:\/\/1000migliawarmupaustria.at\/de\/wp-json\/wp\/v2\/pages\/7033","targetHints":{"allow":["GET"]}}],"collection":[{"href":"https:\/\/1000migliawarmupaustria.at\/de\/wp-json\/wp\/v2\/pages"}],"about":[{"href":"https:\/\/1000migliawarmupaustria.at\/de\/wp-json\/wp\/v2\/types\/page"}],"author":[{"embeddable":true,"href":"https:\/\/1000migliawarmupaustria.at\/de\/wp-json\/wp\/v2\/users\/1"}],"replies":[{"embeddable":true,"href":"https:\/\/1000migliawarmupaustria.at\/de\/wp-json\/wp\/v2\/comments?post=7033"}],"version-history":[{"count":30,"href":"https:\/\/1000migliawarmupaustria.at\/de\/wp-json\/wp\/v2\/pages\/7033\/revisions"}],"predecessor-version":[{"id":7451,"href":"https:\/\/1000migliawarmupaustria.at\/de\/wp-json\/wp\/v2\/pages\/7033\/revisions\/7451"}],"wp:attachment":[{"href":"https:\/\/1000migliawarmupaustria.at\/de\/wp-json\/wp\/v2\/media?parent=7033"}],"curies":[{"name":"wp","href":"https:\/\/api.w.org\/{rel}","templated":true}]}}